{"id":1312,"date":"2022-07-19T08:58:33","date_gmt":"2022-07-19T08:58:33","guid":{"rendered":"https:\/\/ficciona.es\/aviso-legal\/"},"modified":"2022-07-19T08:59:59","modified_gmt":"2022-07-19T08:59:59","slug":"aviso-legal","status":"publish","type":"page","link":"https:\/\/ficciona.es\/en\/aviso-legal\/","title":{"rendered":"Legal advise"},"content":{"rendered":"\n<p><\/p>\n\n\n\n<h1 class=\"wp-block-heading\">Legal advise<\/h1>\n\n\n\n<div style=\"height:40px\" aria-hidden=\"true\" class=\"wp-block-spacer\"><\/div>\n\n\n\n<h4 class=\"wp-block-heading\">Titular de la web y de la aplicaci\u00f3n:<\/h4>\n\n\n\n<p>FICCIONA, marca registrada de nacionalidad espa\u00f1ola domiciliada en Madrid, de la que son propietarias Nadia Hotait Salas y Laila Hotait Salas.&nbsp;<\/p>\n\n\n\n<p>El sitio web y la aplicaci\u00f3n son propiedad de la marca FICCIONA, con oficinas en Madrid.&nbsp;<\/p>\n\n\n\n<p>La utilizaci\u00f3n del sitio web y de la aplicaci\u00f3n est\u00e1 sujeta a las siguientes condiciones de uso. Le rogamos que las lea atentamente. El hecho de acceder a la web y\/o a la aplicaci\u00f3n y utilizar los materiales contenidos en ellas implica que usted ha le\u00eddo y acepta, sin reserva alguna, estas condiciones.<\/p>\n\n\n\n<h4 class=\"wp-block-heading\">1.- Condiciones de uso<\/h4>\n\n\n\n<p>1.1 El sitio web y la aplicaci\u00f3n contienen material preparado por FICCIONA con fines \u00fanicamente informativos. El usuario debe tener en cuenta que tal material pudiera no reflejar el estado legislativo o jurisprudencial m\u00e1s reciente sobre las cuestiones analizadas. Asimismo, este material puede ser modificado, desarrollado o actualizado sin notificaci\u00f3n previa.<\/p>\n\n\n\n<p>1.2 El material contenido en el sitio web y\/o en la aplicaci\u00f3n no puede servir, en ning\u00fan caso, de sustitutivo del asesoramiento legal o de otra naturaleza. El acceso a este material no pretende constituir ni implica relaci\u00f3n alguna entre profesional y cliente, ni cualquier otro tipo de relaci\u00f3n de confianza o profesional entre FICCIONA, y el usuario de la web y\/o de la aplicaci\u00f3n. Por ello, el usuario no debe actuar sobre la base de la informaci\u00f3n contenida en las mismas, sin recurrir previamente al correspondiente asesoramiento profesional. Asimismo, el usuario no debe enviar a FICCIONA, ning\u00fan tipo de informaci\u00f3n confidencial sin haberlo consultado previamente con alguno de nuestros profesionales y haber recibido autorizaci\u00f3n para remitir dicha informaci\u00f3n.<\/p>\n\n\n\n<p>1.3 Los enlaces o links que contienen el sitio web y\/o la aplicaci\u00f3n pueden conducir al usuario a otros sitios, p\u00e1ginas web y\/o aplicaciones gestionados por terceros, sobre los que FICCIONA, no ejerce ning\u00fan tipo de control. FICCIONA, &nbsp; no responde ni del contenido ni del estado de dichos sitios, p\u00e1ginas web y aplicaciones, y el acceso a las mismas a trav\u00e9s del sitio web o de la aplicaci\u00f3n tampoco implica que FICCIONA, &nbsp; recomiende o apruebe su contenido.<\/p>\n\n\n\n<h4 class=\"wp-block-heading\">2.- Limitaci\u00f3n de responsabilidad<\/h4>\n\n\n\n<p>2.1 Quien utiliza la web y\/o la aplicaci\u00f3n, lo hace por su propia cuenta y riesgo. FICCIONA, &nbsp; no se responsabiliza de los errores u omisiones de los que pudiera adolecer el contenido de las mismas u otros a los que se pueda acceder a trav\u00e9s de ellas. FICCIONA tampoco podr\u00e1 ser considerada responsable de cualesquiera da\u00f1os derivados de la utilizaci\u00f3n de la web y\/o de la aplicaci\u00f3n, ni por cualquier actuaci\u00f3n realizada sobre la base de la informaci\u00f3n que en ellas se facilita.<\/p>\n\n\n\n<p>2.2 FICCIONA no garantiza la ausencia de virus u otros elementos lesivos que pudieran causar da\u00f1os o alteraciones en el sistema inform\u00e1tico, en los documentos electr\u00f3nicos o en los ficheros del usuario del sitio web y\/o de la aplicaci\u00f3n. En consecuencia, FICCIONA no responde por los da\u00f1os y perjuicios que tales elementos pudieran ocasionar al usuario o a terceros.<\/p>\n\n\n\n<h4 class=\"wp-block-heading\">3.- Protecci\u00f3n de datos<\/h4>\n\n\n\n<p>3.1 La informaci\u00f3n que recibe FICCIONA de los usuarios del sitio web y\/o de la aplicaci\u00f3n a trav\u00e9s de la suscripci\u00f3n a eventos promocionales o del env\u00edo de formularios curriculares, se trata con la m\u00e1xima confidencialidad con el fin de atender su participaci\u00f3n en el evento y enviarle informaci\u00f3n sobre futuras acciones, en el primer caso, y la selecci\u00f3n de candidatos, en el segundo. La informaci\u00f3n recibida no se utiliza para ning\u00fan otro fin.<\/p>\n\n\n\n<p>3.2 En virtud de lo dispuesto en el art\u00edculo 22 de la LSSI, FICCIONA&nbsp; podr\u00e1 utilizar dispositivos de almacenamiento y recuperaci\u00f3n de datos (\u201ccookies\u201d) en equipos terminales de los destinatarios, a condici\u00f3n de que los mismos hayan dado su consentimiento despu\u00e9s de que se les haya facilitado informaci\u00f3n clara y completa sobre su utilizaci\u00f3n. Los usuarios podr\u00e1n obtener toda la informaci\u00f3n sobre la finalidad de la instalaci\u00f3n de las cookies y los usos que se dar\u00e1 a las mismas en la Pol\u00edtica de cookies de FICCIONA.&nbsp;<\/p>\n\n\n\n<p>Lo anterior no impedir\u00e1 el posible almacenamiento o acceso de \u00edndole t\u00e9cnica al solo fin de efectuar la transmisi\u00f3n de una comunicaci\u00f3n por una red de comunicaciones electr\u00f3nicas o, en la medida que resulte estrictamente necesario, para la prestaci\u00f3n de un servicio de la sociedad de la informaci\u00f3n expresamente solicitado por el destinatario.<\/p>\n\n\n\n<p>3.3 Cuando se le soliciten datos personales para la prestaci\u00f3n de servicios, se informar\u00e1 al usuario del car\u00e1cter necesario de los que se consideren imprescindibles. Si no se facilitan estos datos obligatorios, no ser\u00e1 posible la prestaci\u00f3n de tales servicios.<\/p>\n\n\n\n<p>3.4 El usuario podr\u00e1 ejercer los derechos de acceso, rectificaci\u00f3n, cancelaci\u00f3n y oposici\u00f3n mediante solicitud dirigida por correo postal a la direcci\u00f3n indicada al inicio de este documento. La solicitud deber\u00e1 indicar el nombre y apellidos del usuario, domicilio a efectos de notificaciones, fotocopia del Documento de Identidad o pasaporte e indicaci\u00f3n del derecho que se ejerce.<\/p>\n","protected":false},"excerpt":{"rendered":"<p>Legal advise Titular de la web y de la aplicaci\u00f3n: FICCIONA, marca registrada de nacionalidad espa\u00f1ola domiciliada en Madrid, de la que son propietarias Nadia Hotait<span class=\"excerpt-hellip\"> [\u2026]<\/span><\/p>\n","protected":false},"author":1,"featured_media":1022,"parent":0,"menu_order":0,"comment_status":"closed","ping_status":"closed","template":"","meta":{"footnotes":""},"class_list":["post-1312","page","type-page","status-publish","has-post-thumbnail","hentry"],"_links":{"self":[{"href":"https:\/\/ficciona.es\/en\/wp-json\/wp\/v2\/pages\/1312","targetHints":{"allow":["GET"]}}],"collection":[{"href":"https:\/\/ficciona.es\/en\/wp-json\/wp\/v2\/pages"}],"about":[{"href":"https:\/\/ficciona.es\/en\/wp-json\/wp\/v2\/types\/page"}],"author":[{"embeddable":true,"href":"https:\/\/ficciona.es\/en\/wp-json\/wp\/v2\/users\/1"}],"replies":[{"embeddable":true,"href":"https:\/\/ficciona.es\/en\/wp-json\/wp\/v2\/comments?post=1312"}],"version-history":[{"count":2,"href":"https:\/\/ficciona.es\/en\/wp-json\/wp\/v2\/pages\/1312\/revisions"}],"predecessor-version":[{"id":1314,"href":"https:\/\/ficciona.es\/en\/wp-json\/wp\/v2\/pages\/1312\/revisions\/1314"}],"wp:featuredmedia":[{"embeddable":true,"href":"https:\/\/ficciona.es\/en\/wp-json\/wp\/v2\/media\/1022"}],"wp:attachment":[{"href":"https:\/\/ficciona.es\/en\/wp-json\/wp\/v2\/media?parent=1312"}],"curies":[{"name":"wp","href":"https:\/\/api.w.org\/{rel}","templated":true}]}}