{"id":1319,"date":"2022-07-19T09:07:54","date_gmt":"2022-07-19T09:07:54","guid":{"rendered":"https:\/\/ficciona.es\/consultora\/"},"modified":"2022-07-29T07:35:25","modified_gmt":"2022-07-29T07:35:25","slug":"consulting","status":"publish","type":"page","link":"https:\/\/ficciona.es\/en\/consulting\/","title":{"rendered":"Consulting"},"content":{"rendered":"\n<div style=\"height:50px\" aria-hidden=\"true\" class=\"wp-block-spacer\"><\/div>\n\n\n\n<figure class=\"wp-block-image size-large is-resized\"><img loading=\"lazy\" decoding=\"async\" src=\"https:\/\/ficciona.es\/wp-content\/uploads\/2022\/05\/consultora.svg\" alt=\"\" class=\"wp-image-968\" width=\"300\" height=\"34\"\/><\/figure>\n\n\n\n<div style=\"height:18px\" aria-hidden=\"true\" class=\"wp-block-spacer\"><\/div>\n\n\n\n<h4 class=\"wp-block-heading\">CONSULTING<\/h4>\n\n\n\n<p><\/p>\n\n\n\n<div style=\"height:50px\" aria-hidden=\"true\" class=\"wp-block-spacer\"><\/div>\n\n\n\n<h3 class=\"has-text-align-center wp-block-heading\"><strong>PROGRAMA DE CONSULTOR\u00cdAS PERSONALIZADAS DE FICCIONA<\/strong>         <\/h3>\n\n\n\n<h5 class=\"has-text-align-center wp-block-heading\">\n          <strong>TE AYUDAMOS CON LAS HISTORIAS QUE TE QUEDAN POR CONTAR, Y TE ACOMPA\u00d1AMOS DE TU IDEA AL PITCH. <\/strong>\n        <\/h5>\n\n\n\n<div style=\"height:36px\" aria-hidden=\"true\" class=\"wp-block-spacer\"><\/div>\n\n\n\n<p>Hemos ayudado a decenas de proyectos de particulares y empresas a mejorar. <\/p>\n\n\n\n<p>Si quieres que elaboremos un plan personalizado de consultor\u00eda para tu proyecto, escr\u00edbenos a <a href=\"mailto:contact@ficciona.es\">contact@ficciona.es<\/a> con el asunto CONSULTOR\u00cdA. <\/p>\n\n\n\n<p>Gracias por confiar en nosotras. <\/p>\n\n\n\n<div style=\"height:30px\" aria-hidden=\"true\" class=\"wp-block-spacer\"><\/div>\n\n\n\n<h4 class=\"wp-block-heading\">\n          <strong>\u00bfQuieres m\u00e1s informaci\u00f3n sobre CONSULTOR\u00cdAS? <\/strong>\n        <\/h4>\n\n\n\n<p>Sigue leyendo: <\/p>\n\n\n\n<p>Si est\u00e1s aqu\u00ed es porque probablemente te pase una de estas tres cosas: <\/p>\n\n\n\n<p>\u00bf<strong>Tienes un proyecto &#8211; gui\u00f3n o carpeta &#8211; desde hace mucho tiempo<\/strong> que no sabes c\u00f3mo cerrar?, \u00bfo un proyecto que han <strong>rechazado en varias convocatorias,<\/strong> y no entiendes qu\u00e9 tienes que mejorar?, \u00bfo quiz\u00e1s sientes que <strong> tu gui\u00f3n, o tu dossier de ventas es bueno<\/strong>, pero a\u00fan no es fant\u00e1stico y <strong>no sabes qu\u00e9 pasos dar para mejorarlo<\/strong>? <\/p>\n\n\n\n<p>Si es as\u00ed, seguramente podamos ayudarte a salir del atolladero y <strong>LAS CONSULTOR\u00cdAS DE FICCIONA sean para ti<\/strong>. <\/p>\n\n\n\n<p>Las dos hermanas, <strong>Nadia y Laila<\/strong>, revisamos <strong>cada proyecto desde nuestras perspectivas y experiencias<\/strong>. Nadia como ejecutiva de desarrollo y Laila como guionista y consultora de gui\u00f3n. <\/p>\n\n\n\n<p>\n          <strong>Un combo imbatible que va a trabajar para que tu proyecto funcione. <\/strong>\n        <\/p>\n\n\n\n<p>Las Consultor\u00edas de FICCIONA van desde el <strong>an\u00e1lisis completo de gui\u00f3n, o carpeta de ventas<\/strong>, a procesos personalizados de<strong> coaching<\/strong>. <\/p>\n\n\n\n<p>En ambos casos, la t\u00e9cnica que usamos tiene <strong>dos prioridades<\/strong>: <\/p>\n\n\n\n<ul class=\"wp-block-list\"><li>Primero, <strong>ayudarte a conectar la historia, contigo y con el <em>zeitgeist,<\/em> o entorno y esp\u00edritu actuales<\/strong>. Porque una historia fascinante respeta la ecuaci\u00f3n, o tri\u00e1ngulo virtuoso que forman: <strong>persona &#8211; obra &#8211; tiempo presente<\/strong>. <\/li><li>Segundo, tras mucha prueba y error, <strong>hemos generado un sistema de revisi\u00f3n y reescritura ordenado que facilita el<\/strong> &#8211; antes doloroso &#8211; <strong>proceso de reescritura<\/strong>, y evita la producci\u00f3n infinita de borradores de gui\u00f3n y carpeta de ventas que no llevan a ninguna parte. <\/li><\/ul>\n\n\n\n<div style=\"height:30px\" aria-hidden=\"true\" class=\"wp-block-spacer\"><\/div>\n\n\n\n<h4 class=\"wp-block-heading\">\n          <strong>\u00bfC\u00f3mo funciona CONSULTOR\u00cdA? <\/strong>\n        <\/h4>\n\n\n\n<p>\n          <strong>Es muy sencillo: <\/strong>\n        <\/p>\n\n\n\n<ol class=\"wp-block-list\"><li>Escr\u00edbenos, o m\u00e1ndanos un audio y cu\u00e9ntanos: algo sobre ti y qu\u00e9 necesitas. <em>Sin adjuntar ning\u00fan material a\u00fan<\/em>, a <a href=\"mailto:contact@ficciona.es\">contact@ficciona.es<\/a> con el asunto: CONSULTOR\u00cdA. <\/li><li><strong>Nosotras te contactaremos<\/strong> lo antes posible para <strong>AGENDAR UNA REUNI\u00d3N EN L\u00cdNEA<\/strong> y encontrar la forma de ayudarte para que acabes tu proyecto. <\/li><\/ol>\n\n\n\n<p>\n          <strong>POSIBLES NECESIDADES y MODOS DE CONSULTOR\u00cdA: <\/strong>\n        <\/p>\n\n\n\n<ol class=\"wp-block-list\"><li><strong>COACHING INDOLORO DE ESCRITURA Y RE-ESCRITURA<\/strong> <\/li><li>\n          <strong>DIAGN\u00d3STICO COMPLETO DE GUI\u00d3N<\/strong>\n        <\/li><li>\n          <strong>REVISI\u00d3N DE CARPETA DE VENTA Y PITCH ORAL<\/strong>\n        <\/li><li><strong>OTROS CASOS ESPEC\u00cdFICOS<\/strong>: porque quiz\u00e1s tu caso es espec\u00edfico, escr\u00edbenos y vemos c\u00f3mo personalizamos al m\u00e1ximo el proceso. <\/li><\/ol>\n\n\n\n<div style=\"height:30px\" aria-hidden=\"true\" class=\"wp-block-spacer\"><\/div>\n\n\n\n<h4 class=\"wp-block-heading\">\n          <strong>\u00bfQU\u00c9 DICEN DE NOSOTRAS COMO CONSULTORAS DE GUI\u00d3N? <\/strong>\n        <\/h4>\n\n\n\n<div style=\"height:20px\" aria-hidden=\"true\" class=\"wp-block-spacer\"><\/div>\n\n\n\n<div class=\"wp-block-cover is-light\"><span aria-hidden=\"true\" class=\"wp-block-cover__background has-background-dim-100 has-background-dim\" style=\"background-color:#f9f9f9\"><\/span><div class=\"wp-block-cover__inner-container is-layout-flow wp-block-cover-is-layout-flow\"><div class=\"wp-block-image is-style-rounded\">\n<figure class=\"alignleft\"><img decoding=\"async\" src=\"https:\/\/lh6.googleusercontent.com\/oMonE-o7eYsjU-lkDP-60aIG7VYaXPMwOgyTc4YOU2TEksShjjmTRP0DaUYAiNp6zwB0ZzP0mbbIISzR7JaehH88VVyt9AJWr4LDy82iBV5h1zL6hEEX3K2bLi3EJXysrLyTb7ZJ\" alt=\"Margaret Hoffman profile picture\"\/><\/figure>\n<\/div>\n\n\n<h4 class=\"wp-block-heading\">\n          <a href=\"https:\/\/www.linkedin.com\/in\/hoffmanmargaret\">Margaret Hoffman<\/a>\n        <\/h4>\n\n\n\n<p>\n          <strong>Screenwriter. Digital Marketing Strategist. Teacher.<\/strong>\n        <\/p>\n\n\n\n<p>August 12, 2018, Margaret was Laila\u2019s client<\/p>\n\n\n\n<p><\/p>\n\n\n\n<div style=\"height:20px\" aria-hidden=\"true\" class=\"wp-block-spacer\"><\/div>\n\n\n\n<p>I am grateful to have been fortunate enough to have a script consultation with Laila \u2014 what a wonderful experience. <br>Laila gave my work a thoughtful, thorough reading. She dove into my story and came up with brilliant ideas and innovative suggestions for how I could make it come alive \u2014 all delivered with a gentle professionalism. She even sent me away with \u201chomework\u201d to watch a movie so that I could understand what she wanted me to consider for my use of voiceover.<br>Laila\u2019s background as a writer-director helped her \u201csee\u201d my movie and quickly identify the potential for taking it to the next level. Sometimes when I receive notes, it can be a little overwhelming and depressing. In this case, I have been inspired to do even better work. I am excited about this rewrite and confident that my screenplay will be exponentially improved.<\/p>\n<\/div><\/div>\n\n\n\n<div style=\"height:21px\" aria-hidden=\"true\" class=\"wp-block-spacer\"><\/div>\n\n\n\n<h4 class=\"wp-block-heading\">\n          <strong>\u00bfQuieres m\u00e1s informaci\u00f3n de LOS PROGRAMAS AL DETALLE? <\/strong>\n        <\/h4>\n\n\n\n<p>Echa a un vistazo al tipo de planes que ya hemos implementado: <\/p>\n\n\n\n<div style=\"height:21px\" aria-hidden=\"true\" class=\"wp-block-spacer\"><\/div>\n\n\n\n<h5 class=\"has-text-align-center wp-block-heading\">\n          <strong>1. COACHING INDOLORO DE ESCRITURA Y RE-ESCRITURA <\/strong>\n        <\/h5>\n\n\n\n<p>El COACHING INDOLORO consiste en un acompa\u00f1amiento personalizado durante el proceso de escritura, o re-escritura. <\/p>\n\n\n\n<p>Partiendo de la organizaci\u00f3n de un <strong>plan de trabajo personalizado<\/strong> y orientaci\u00f3n en los pasos a seguir, proponemos <strong>ejercicios para la resoluci\u00f3n de problemas<\/strong> y destacamos aquellos aspectos que hacen la historia \u00fanica, hasta la finalizaci\u00f3n del guion.<\/p>\n\n\n\n<p>\n          <strong>Nuestro proceso:<\/strong>\n        <\/p>\n\n\n\n<ol class=\"wp-block-list\"><li><strong>Identificamos la estructura real de la historia<\/strong> y la relacionamos con el personaje, o los personajes principales. Esto nos permite entender en qu\u00e9 punto realmente estamos del desarrollo. <\/li><li>Luego encontramos cu\u00e1l es <strong>la palabra esencial<\/strong>, el verdadero coraz\u00f3n latiendo bajo la historia, aquello sobre lo que realmente la autora, o el autor quiere hablar. <\/li><li>Identificamos <strong>los procesos internos y externos<\/strong> que viven todos los protagonistas.<\/li><li>Damos <strong>sugerencias y posibles caminos a recorrer<\/strong> para resolver las tramas o, simplemente, para desatascar el proceso creativo y que la autora, o el autor, pueda seguir adelante y <strong>cerrar el proyecto<\/strong>.<\/li><\/ol>\n\n\n\n<p>\n          <strong>\u00bfC\u00f3mo funciona?<\/strong>\n        <\/p>\n\n\n\n<ul class=\"wp-block-list\"><li>Primero: hacemos la <strong>entrevista en l\u00ednea contigo<\/strong>, y si determinamos que esto es lo mejor para ti, entonces: <\/li><li>Haces un primer pago y env\u00edas tu gui\u00f3n\/tratamiento y, o carpeta de ventas. <\/li><li>En la primera sesi\u00f3n online nos centramos en la historia y en hacer un <strong>plan de trabajo con fechas y objetivos<\/strong>. <\/li><li>Ahora s\u00ed: haces el pago definitivo si vemos que realmente podemos trabajar en conjunto y beneficiarte del programa <strong>y nos ponemos manos a la obra hasta el final de tus objetivos<\/strong>. <\/li><\/ul>\n\n\n\n<p>\n          <strong>El Compromiso de FICCIONA: <\/strong>\n        <\/p>\n\n\n\n<p>Porque con nuestro <strong>COACHING INDOLORO DE ESCRITURA<\/strong> no solo cuentas con el acompa\u00f1amiento de profesionales en activo que han pasado por este proceso con muchos otros guionistas, sino que vas a disfrutar del proceso y, por fin, cerrar ese gui\u00f3n, nosotras confiamos tanto en el programa y nos lo tomamos tan personal que si tras el primer pago ves que esto no es lo tuyo, te devolvemos \u00edntegro ese primer dinero, y aqu\u00ed no ha pasado nada. <\/p>\n\n\n\n<div style=\"height:21px\" aria-hidden=\"true\" class=\"wp-block-spacer\"><\/div>\n\n\n\n<h5 class=\"has-text-align-center wp-block-heading\"><strong>2. <\/strong><strong>DIAGN\u00d3STICO COMPLETO DE GUI\u00d3N<\/strong><\/h5>\n\n\n\n<p>Estamos tan seguras de que el m\u00e9todo FICCIONA funciona, que para la evaluaci\u00f3n y revisi\u00f3n de gui\u00f3n, nos centramos en los mismos aspectos que en el proceso de <strong>COACHING INDOLORO DE ESCRITURA<\/strong>. <\/p>\n\n\n\n<p>As\u00ed que si quieres un <strong>DIAGN\u00d3STICO COMPLETO<\/strong> recibir\u00edas un texto, hecho por profesionales del desarrollo en activo, y este informe se centra en: <\/p>\n\n\n\n<ol class=\"wp-block-list\"><li><strong>Estructura real de la historia y la relaci\u00f3n con el personaje<\/strong>, o los personajes principales y un diagn\u00f3stico de en qu\u00e9 punto consideramos est\u00e1 realmente la historia a nivel de desarrollo. <\/li><li>Tambi\u00e9n intentamos deducir la posible <strong>palabra esencial<\/strong>, el verdadero coraz\u00f3n latiendo bajo la historia, aquello sobre lo que realmente la autora, o el autor quiere hablar. <\/li><li>Identificamos<strong> los procesos internos y externos<\/strong> que viven todos los protagonistas.<\/li><li>Y, al final: te damos <strong>sugerencias y proponemos posibles caminos a recorrer para resolver las tramas o, simplemente, para desatascar el proceso creativo y que puedas seguir adelante y cerrar tu proyecto<\/strong>.<\/li><\/ol>\n\n\n\n<p>\n          <strong>\u00bfC\u00f3mo funciona?<\/strong>\n        <\/p>\n\n\n\n<ol class=\"wp-block-list\"><li>Primero:<strong> hacemos la entrevista y determinamos que esto es lo mejor para ti<\/strong>, entonces: <\/li><li>Haces un primer pago y nos env\u00edas tu gui\u00f3n, tratamiento, o ambos documentos, dependiendo de tu caso. <\/li><li>En un m\u00e1ximo de dos semanas, te remitimos el Informe <strong>Diagn\u00f3stico Completo<\/strong>. <\/li><li>A las dos semanas siguientes de recibir el <strong>Diagn\u00f3stico Completo <\/strong>&#8211; como m\u00e1ximo, y para no alargarte e ir cerrando etapas &#8211; nos env\u00edas un correo electr\u00f3nico final con dudas, comentarios, etc\u2026 y te lo contestamos para cerrar el proceso lo mejor posible tambi\u00e9n <strong>como m\u00e1ximo dos semanas tras recibir tu correo<\/strong>. <\/li><\/ol>\n\n\n\n<p>\n          <strong>Nuestro Compromiso y el tuyo: <\/strong>\n        <\/p>\n\n\n\n<p>Se acuerdan fechas que se cumplen por ambas partes. <\/p>\n\n\n\n<p>No hay devoluci\u00f3n del pago. <\/p>\n\n\n\n<div style=\"height:21px\" aria-hidden=\"true\" class=\"wp-block-spacer\"><\/div>\n\n\n\n<h5 class=\"has-text-align-center wp-block-heading\"><strong>3. <\/strong><strong>REVISI\u00d3N DE CARPETA DE VENTA Y PITCH ORAL<\/strong><\/h5>\n\n\n\n<p>\u00bfSientes que <strong>no est\u00e1s acertando en la manera de presentar tu proyecto<\/strong>?, \u00bftu dossier <strong>no refleja a\u00fan el esp\u00edritu<\/strong> de tu proyecto?, \u00bf<strong>tu pitch oral<\/strong> <strong>no termina de tener fuerza<\/strong>? <\/p>\n\n\n\n<p>Pues pong\u00e1monos a revisarlo para darle esa \u00faltima pulida y as\u00ed lograr mayores oportunidades de que sea <strong>seleccionado<\/strong>. <\/p>\n\n\n\n<p>\n          <strong>\u00bfC\u00f3mo funciona? <\/strong>\n        <\/p>\n\n\n\n<ul class=\"wp-block-list\"><li>Primero: <strong>hacemos la entrevista y si determinamos que podemos ayudarte<\/strong>, entonces: <\/li><li>Haces un primer pago y en una reuni\u00f3n en l\u00ednea, analizamos el proyecto para crear <strong>una visi\u00f3n de venta \u00fanica y personalizada<\/strong>. Acordamos las fechas de entrega a cumplir por Ficciona y por tu parte.<\/li><li>Una vez cerremos el proceso: como m\u00e1ximo una semana despu\u00e9s, env\u00edas tu dossier de ventas nuevo y tu pitch en v\u00eddeo &#8211; esto \u00faltimo, si quieres &#8211; y te mandamos todos los comentarios y sugerencias que creamos puedan ayudarte. <\/li><\/ul>\n\n\n\n<p>\n          <strong>Nuestro Compromiso y el tuyo: <\/strong>\n        <\/p>\n\n\n\n<p>Se acuerdan fechas que se cumplen por ambas partes. <\/p>\n\n\n\n<p>No hay devoluci\u00f3n del pago. <\/p>\n\n\n\n<div style=\"height:21px\" aria-hidden=\"true\" class=\"wp-block-spacer\"><\/div>\n\n\n\n<h5 class=\"has-text-align-center wp-block-heading\">\n          <strong>OTROS MODOS<\/strong>\n        <\/h5>\n\n\n\n<p>\u00bfTu caso es otro? <\/p>\n\n\n\n<p>\u00bfTienes una empresa y varios proyectos? <\/p>\n\n\n\n<p>Escr\u00edbenos a contact@ficciona.es con el asunto CONSULTOR\u00cdA y nos ponemos en contacto contigo. <\/p>\n\n\n\n<p>\n          <strong>Preguntas frecuentes<\/strong>\n        <\/p>\n\n\n\n<p>\u00bfA\u00fan tienes m\u00e1s dudas? <\/p>\n\n\n\n<p>Escr\u00edbenos a <a href=\"mailto:contact@ficciona.es\">contact@ficciona.es<\/a> y te responderemos. <\/p>\n\n\n\n<div style=\"height:21px\" aria-hidden=\"true\" class=\"wp-block-spacer\"><\/div>\n\n\n\n<h5 class=\"has-text-align-center wp-block-heading\">\n          <strong>ALGUNAS DE LAS COMPA\u00d1\u00cdAS QUE YA HAN CONFIADO EN NOSOTRAS <\/strong>\n        <\/h5>\n\n\n\n<p>\n          <em>A\u00f1adir aqu\u00ed los LOGOS DE LA CARPETA DE CONSULTOR\u00cdA. <\/em>\n        <\/p>\n\n\n\n<p>Escr\u00edbenos para saber sobre tarifas y condiciones. <\/p>\n\n\n\n<p>Una peque\u00f1a nota: estamos tomando un n\u00famero limitado de proyectos este a\u00f1o. <\/p>\n\n\n\n<p>Gracias por tu comprensi\u00f3n y, sobre todo, gracias por la confianza. <\/p>\n\n\n\n<div style=\"height:21px\" aria-hidden=\"true\" class=\"wp-block-spacer\"><\/div>\n\n\n\n<h3 class=\"has-text-align-center wp-block-heading\">\n          <strong>Ya sabes: SI LO CUENTAS, ERES.<\/strong>\n        <\/h3>\n","protected":false},"excerpt":{"rendered":"<p>CONSULTING PROGRAMA DE CONSULTOR\u00cdAS PERSONALIZADAS DE FICCIONA TE AYUDAMOS CON LAS HISTORIAS QUE TE QUEDAN POR CONTAR, Y TE ACOMPA\u00d1AMOS DE TU IDEA AL PITCH. Hemos<span class=\"excerpt-hellip\"> [\u2026]<\/span><\/p>\n","protected":false},"author":1,"featured_media":966,"parent":0,"menu_order":0,"comment_status":"closed","ping_status":"closed","template":"","meta":{"footnotes":""},"class_list":["post-1319","page","type-page","status-publish","has-post-thumbnail","hentry"],"_links":{"self":[{"href":"https:\/\/ficciona.es\/en\/wp-json\/wp\/v2\/pages\/1319","targetHints":{"allow":["GET"]}}],"collection":[{"href":"https:\/\/ficciona.es\/en\/wp-json\/wp\/v2\/pages"}],"about":[{"href":"https:\/\/ficciona.es\/en\/wp-json\/wp\/v2\/types\/page"}],"author":[{"embeddable":true,"href":"https:\/\/ficciona.es\/en\/wp-json\/wp\/v2\/users\/1"}],"replies":[{"embeddable":true,"href":"https:\/\/ficciona.es\/en\/wp-json\/wp\/v2\/comments?post=1319"}],"version-history":[{"count":7,"href":"https:\/\/ficciona.es\/en\/wp-json\/wp\/v2\/pages\/1319\/revisions"}],"predecessor-version":[{"id":1395,"href":"https:\/\/ficciona.es\/en\/wp-json\/wp\/v2\/pages\/1319\/revisions\/1395"}],"wp:featuredmedia":[{"embeddable":true,"href":"https:\/\/ficciona.es\/en\/wp-json\/wp\/v2\/media\/966"}],"wp:attachment":[{"href":"https:\/\/ficciona.es\/en\/wp-json\/wp\/v2\/media?parent=1319"}],"curies":[{"name":"wp","href":"https:\/\/api.w.org\/{rel}","templated":true}]}}