{"id":1327,"date":"2022-07-19T09:36:47","date_gmt":"2022-07-19T09:36:47","guid":{"rendered":"https:\/\/ficciona.es\/cuenta-tu-pelicula\/"},"modified":"2022-07-28T12:42:59","modified_gmt":"2022-07-28T12:42:59","slug":"tell-your-film","status":"publish","type":"page","link":"https:\/\/ficciona.es\/en\/tell-your-film\/","title":{"rendered":"Tell your film"},"content":{"rendered":"\n<p><\/p>\n\n\n\n<h1 class=\"has-text-align-center wp-block-heading\">Tell your movie<\/h1>\n\n\n\n<div style=\"height:32px\" aria-hidden=\"true\" class=\"wp-block-spacer\"><\/div>\n\n\n\n<h3 class=\"has-text-align-center wp-block-heading\">Obt\u00e9n en 4 semanas las herramientas y los h\u00e1bitos necesarios para contar y presentar a la industria la pel\u00edcula que hace mucho llevas dentro (y te mueres de ganas de contar). Adem\u00e1s, te acompa\u00f1aremos y revisaremos tu proyecto. <\/h3>\n\n\n\n<div style=\"height:30px\" aria-hidden=\"true\" class=\"wp-block-spacer\"><\/div>\n\n\n\n<h4 class=\"has-text-align-center text-center wp-block-heading\"><strong>Adquiere este curso en hotmart <\/strong><\/h4>\n\n\n\n<div class=\"d-flex justify-content-center\"><a class=\"button boton001 button_size_2\" href=\"https:\/\/pay.hotmart.com\/P63139602J?bid=1652105749694\" target=\"_blank\" rel=\"noopener\"><span class=\"button_label\">Comprar el curso<\/span><\/a><\/div>\n\n\n\n<p><\/p>\n\n\n\n<div style=\"height:30px\" aria-hidden=\"true\" class=\"wp-block-spacer\"><\/div>\n\n\n\n<h4 class=\"wp-block-heading\">\u00bfQUIERES CONTAR UNA HISTORIA?<\/h4>\n\n\n\n<ul class=\"wp-block-list\"><li>\u00bfTienes una historia que crees que podr\u00eda ser una gran pel\u00edcula\/serie\/documental\/corto?<\/li><li>\u00bfTe gustar\u00eda aprender c\u00f3mo desarrollar ideas con potencial audiovisual pero no sabes por d\u00f3nde empezar?<\/li><li>\u00bfQuieres tener las herramientas para presentar tu proyecto a una productora, a un f\u00f3rum de pitch, a una plataforma o una ejecutiva de desarrollo?<\/li><li>\u00bfHas escrito un guion y buscas una forma atractiva de conectar con inversores \/ canales \/ subvenciones, pero a\u00fan no sabes c\u00f3mo?<\/li><li>\u00bfHas estudiado comunicaci\u00f3n audiovisual y quieres ser ejecutiva\/o de desarrollo y dar un paso m\u00e1s en tu carrera?<\/li><li><strong>O simplemente \u00bfquieres dar un paso adelante para que, esas puertas que pensabas que estaban cerradas, se abran? <\/strong><\/li><\/ul>\n\n\n\n<h5 class=\"wp-block-heading\"><strong>Si tu respuesta a alguna de estas preguntas es S\u00cd:<\/strong><\/h5>\n\n\n\n<div style=\"height:30px\" aria-hidden=\"true\" class=\"wp-block-spacer\"><\/div>\n\n\n\n<h4 class=\"wp-block-heading\">CUENTA TU PEL\u00cdCULA EST\u00c1 HECHO PARA TI.<\/h4>\n\n\n\n<p><strong>CUENTA TU PEL\u00cdCULA<\/strong> es el \u00fanico programa que aborda el <strong>desarrollo<\/strong> de un proyecto audiovisual desde TRES puntos de vista: <strong>la narrativa, la producci\u00f3n y los h\u00e1bitos para mantener en forma tu creatividad.<\/strong><\/p>\n\n\n\n<div style=\"height:30px\" aria-hidden=\"true\" class=\"wp-block-spacer\"><\/div>\n\n\n\n<h4 class=\"wp-block-heading\">\u00bfEN QU\u00c9 CONSISTE?<\/h4>\n\n\n\n<p><strong>CUENTA TU PEL\u00cdCULA<\/strong> es un programa online para aprender a desarrollar tu proyecto y elaborar los materiales de venta (dossier \u2013textos y visuales) que necesitas para presentar tu pel\u00edcula.<\/p>\n\n\n\n<p><strong>CUENTA TU PEL\u00cdCULA<\/strong> te da una <strong>caja de herramientas<\/strong> elaborada por Laila Hotait, guionista, directora y profesora de gui\u00f3n, y Nadia Hotait, jefa de desarrollo y productora, para que las apliques a cualquier proyecto audiovisual que quieras llevar a cabo.<\/p>\n\n\n\n<p><strong>CUENTA TU PEL\u00cdCULA<\/strong> te proporciona una metodolog\u00eda sencilla y replicable para que puedas compartir tu proyecto con el mundo: aprender\u00e1s a llegar a la esencia de tu historia, encontrar el formato adecuado para cada proyecto y elaborar el material que necesitas para ir a un Pitching f\u00f3rum, pedir una subvenci\u00f3n, reunirte con una productora, o presentarlo a una plataforma. <\/p>\n\n\n\n<p>\u2026\u2026\u2026\u2026\u2026.<\/p>\n\n\n\n<p>Llevas meses, quiz\u00e1s a\u00f1os pensando: \u00bfC\u00f3mo hago para contarle al mundo la pel\u00edcula que quiero hacer? <\/p>\n\n\n\n<p><strong>EL PROBLEMA:<\/strong> tienes una profesi\u00f3n que crees que no te legitima para contar tu historia, o no has estudiado en una escuela de cine, o nunca has estado involucrado en una producci\u00f3n, o incluso trabajando dentro de la industria audiovisual te sientes encasillada en un departamento.<\/p>\n\n\n\n<p>Por las noches das vueltas pensando lo caros y largos que son los cursos de cine; lo buena que es tu historia y la pena que te da que se quede en un caj\u00f3n&#8230;y as\u00ed, llevas mucho tiempo y parece que seguir\u00e1s igual. <\/p>\n\n\n\n<p>Adem\u00e1s, \u00bfa qui\u00e9n m\u00e1s le importa? Ya agotaste a los amigos y familiares a los que contarles lo bueno que ser\u00eda presentar este proyecto a alguien para que se hiciera. <\/p>\n\n\n\n<p><strong>Mejor me olvido. <\/strong><\/p>\n\n\n\n<p>Puede que pienses. \u00bfQuiz\u00e1s te sientes triste y frustrada?<\/p>\n\n\n\n<p>Aunque has intentado buscar consejos m\u00e1gicos sobre c\u00f3mo escribir guiones en Internet que se adapten a tus horarios y tus rutinas, cursos en los que una profesora habla y habla y te demuestra lo f\u00e1cil que es cuando, en realidad, t\u00fa te est\u00e1s dando cuenta de que necesitas m\u00e1s apoyo, adem\u00e1s, te resulta muy dif\u00edcil encajar en el d\u00eda a d\u00eda esas horas que tienes que dedicarle al proyecto. Y cuando est\u00e1s reunida con gente que sabe del tema, solo te confirma que mejor te olvides de tonter\u00edas y te dediques a lo tuyo.<\/p>\n\n\n\n<p>Al final est\u00e1s tan desanimada que piensas hasta qu\u00e9 punto merece la pena. Pero al mismo tiempo sabes que si no intentas contarla, se te va a quedar una espinita dentro. <\/p>\n\n\n\n<p><strong>\u201c\u00bfDe verdad tiene que ser todo tan dif\u00edcil?\u201d.<\/strong><\/p>\n\n\n\n<div style=\"height:30px\" aria-hidden=\"true\" class=\"wp-block-spacer\"><\/div>\n\n\n\n<p>CUENTA TU PEL\u00cdCULA ES UN PROGRAMA DE ACOMPA\u00d1AMIENTO Y MENTOR\u00cdA PARA QUE APRENDAS A DESARROLLAR PROYECTOS Y A COMPARTIRLOS. <\/p>\n\n\n\n<figure class=\"wp-block-image size-large\"><img loading=\"lazy\" decoding=\"async\" width=\"1024\" height=\"683\" src=\"https:\/\/ficciona.es\/wp-content\/uploads\/2022\/05\/CUENTA-TU-PELICULA-DETALLE-01-1024x683.jpg\" alt=\"\" class=\"wp-image-806\" srcset=\"https:\/\/ficciona.es\/wp-content\/uploads\/2022\/05\/CUENTA-TU-PELICULA-DETALLE-01-1024x683.jpg 1024w, https:\/\/ficciona.es\/wp-content\/uploads\/2022\/05\/CUENTA-TU-PELICULA-DETALLE-01-300x200.jpg 300w, https:\/\/ficciona.es\/wp-content\/uploads\/2022\/05\/CUENTA-TU-PELICULA-DETALLE-01-768x512.jpg 768w, https:\/\/ficciona.es\/wp-content\/uploads\/2022\/05\/CUENTA-TU-PELICULA-DETALLE-01-1536x1024.jpg 1536w, https:\/\/ficciona.es\/wp-content\/uploads\/2022\/05\/CUENTA-TU-PELICULA-DETALLE-01-2048x1365.jpg 2048w, https:\/\/ficciona.es\/wp-content\/uploads\/2022\/05\/CUENTA-TU-PELICULA-DETALLE-01-219x146.jpg 219w, https:\/\/ficciona.es\/wp-content\/uploads\/2022\/05\/CUENTA-TU-PELICULA-DETALLE-01-50x33.jpg 50w, https:\/\/ficciona.es\/wp-content\/uploads\/2022\/05\/CUENTA-TU-PELICULA-DETALLE-01-113x75.jpg 113w\" sizes=\"auto, (max-width: 1024px) 100vw, 1024px\" \/><\/figure>\n\n\n\n<div style=\"height:30px\" aria-hidden=\"true\" class=\"wp-block-spacer\"><\/div>\n\n\n\n<p>Aprender qu\u00e9 tiene que contener un dossier es esencial para contar tu pel\u00edcula, saber qu\u00e9 decir y c\u00f3mo en un pitch es fundamental, pero estar sola y no tener una comunidad con la que compartir, a quien preguntar y con quien celebrar cada peque\u00f1o gran paso, o no saber c\u00f3mo organizarte por no tener una buena rutina de h\u00e1bitos creativos son los dos grandes motivos por los que la gran mayor\u00eda abandona y no termina de dar el primer paso: armar un buen dossier.<\/p>\n\n\n\n<p>Y es que como hay tanta informaci\u00f3n ah\u00ed fuera, toda deslabazada y sin estar personalizada, lo m\u00e1s probable es que casi, casi, ya hayas tirado la toalla. <\/p>\n\n\n\n<p>Por todos esos motivos con este curso queremos pon\u00e9rtelo todo muy f\u00e1cil y contarte lo que a nosotras nos hubiera gustado que nos contaran cuando empezamos. <\/p>\n\n\n\n<p><strong>Con Cuenta Tu Pel\u00edcula te garantizamos<\/strong> una formaci\u00f3n pr\u00e1ctica y personalizada completa que lleva desde tu idea original hasta el pitching y dossier de venta imprescindible para completar con \u00e9xito los proyectos. <\/p>\n\n\n\n<p>Como te dijimos se trata de un <strong>programa integral <\/strong>que se basa en <strong>3 pilares<\/strong>:<\/p>\n\n\n\n<figure class=\"wp-block-table\"><table><thead><tr><th scope=\"col\">Narrativa<\/th><th scope=\"col\">Producci\u00f3n <\/th><th scope=\"col\">H\u00e1bitos<\/th><\/tr><\/thead><tbody><tr><td>En el curso vas a contar con una guionista que te va a dar las pautas necesarias para que encuentres el coraz\u00f3n de tu idea y su mejor formato.<\/td><td>Una productora te va a dar todas las herramientas incluyendo plantillas y referentes U-T-I-L-I-Z-A-D-O-S para que generes tus proyectos.<\/td><td>Como esta es una carrera de fondo que necesita de muy buenos h\u00e1bitos y rutinas para llegar a la meta, te compartimos los nuestros.<\/td><\/tr><\/tbody><\/table><\/figure>\n\n\n\n<div style=\"height:30px\" aria-hidden=\"true\" class=\"wp-block-spacer\"><\/div>\n\n\n\n<div class=\"wp-block-cover is-light\"><span aria-hidden=\"true\" class=\"wp-block-cover__background has-background-dim-100 has-background-dim\" style=\"background-color:#f9f9f9\"><\/span><div class=\"wp-block-cover__inner-container is-layout-flow wp-block-cover-is-layout-flow\">\n<h4 class=\"wp-block-heading\"><strong>LA META de CUENTA TU PEL\u00cdCULA<\/strong> <\/h4>\n\n\n\n<p><strong>CUENTA TU PEL\u00cdCULA<\/strong> es lo que nos gustar\u00eda que nos hubieran contado.<\/p>\n\n\n\n<p>Es posible que dudes si el curso te va a servir. <\/p>\n\n\n\n<p>Se hace muy duro el no saber por d\u00f3nde empezar, el pensar que no eres la persona adecuada para contar historias, y puede ser todo muy frustrante.<\/p>\n\n\n\n<p>Y lo sabemos, porque a nosotras nos ocurri\u00f3 lo mismo.<\/p>\n\n\n\n<p>Mejor nos presentamos: <\/p>\n\n\n\n<p>Somos <strong>Laila y Nadia Hotait <\/strong>y nos especializamos en el desarrollo de proyectos audiovisuales y el an\u00e1lisis y escritura de gui\u00f3n. <\/p>\n\n\n\n<p>Ambas hemos dedicado los \u00faltimos diez a\u00f1os a acompa\u00f1ar proyectos cinematogr\u00e1ficos que se han llevado a la pantalla, as\u00ed como a impartir clases especializadas en universidades y escuelas.<\/p>\n\n\n\n<p><strong>Los clientes a quienes hemos acompa\u00f1ado van desde guionistas y productores expertos, hasta cineastas principiantes. <\/strong><\/p>\n\n\n\n<p>Fundamos la casa productora Laaventura hace 10 a\u00f1os (<a href=\"http:\/\/www.laaventura.net\">www.laaventura.net<\/a>), una productora desde la que hemos realizado largometrajes documentales, cortos de ficci\u00f3n y documental y video-instalaciones, que se han exhibido en m\u00faltiples festivales internacionales, en plataformas y cadenas de televisi\u00f3n (MUBI, BBC Arabic, Al Jazeera, Documania).<\/p>\n\n\n\n<p>Dentro de Laaventura tambi\u00e9n hemos comisariado muestras de cine para entidades como Casa \u00c1rabe, Nisimasa, etc.<\/p>\n\n\n\n<p>Y estas son algunas de las cosas y proyectos que hemos liderado, hemos hecho o en las que hemos colaborado s\u00f3lo estos \u00faltimos dos a\u00f1os: <\/p>\n<\/div><\/div>\n\n\n\n<div style=\"height:48px\" aria-hidden=\"true\" class=\"wp-block-spacer\"><\/div>\n\n\n\n<figure class=\"wp-block-image size-large\"><img loading=\"lazy\" decoding=\"async\" width=\"1024\" height=\"683\" src=\"https:\/\/ficciona.es\/wp-content\/uploads\/2022\/05\/CUENTA-TU-PELICULA-DETALLE-02-1024x683.jpg\" alt=\"\" class=\"wp-image-809\" srcset=\"https:\/\/ficciona.es\/wp-content\/uploads\/2022\/05\/CUENTA-TU-PELICULA-DETALLE-02-1024x683.jpg 1024w, https:\/\/ficciona.es\/wp-content\/uploads\/2022\/05\/CUENTA-TU-PELICULA-DETALLE-02-300x200.jpg 300w, https:\/\/ficciona.es\/wp-content\/uploads\/2022\/05\/CUENTA-TU-PELICULA-DETALLE-02-768x512.jpg 768w, https:\/\/ficciona.es\/wp-content\/uploads\/2022\/05\/CUENTA-TU-PELICULA-DETALLE-02-1536x1024.jpg 1536w, https:\/\/ficciona.es\/wp-content\/uploads\/2022\/05\/CUENTA-TU-PELICULA-DETALLE-02-2048x1365.jpg 2048w, https:\/\/ficciona.es\/wp-content\/uploads\/2022\/05\/CUENTA-TU-PELICULA-DETALLE-02-219x146.jpg 219w, https:\/\/ficciona.es\/wp-content\/uploads\/2022\/05\/CUENTA-TU-PELICULA-DETALLE-02-50x33.jpg 50w, https:\/\/ficciona.es\/wp-content\/uploads\/2022\/05\/CUENTA-TU-PELICULA-DETALLE-02-113x75.jpg 113w\" sizes=\"auto, (max-width: 1024px) 100vw, 1024px\" \/><\/figure>\n\n\n\n<div style=\"height:30px\" aria-hidden=\"true\" class=\"wp-block-spacer\"><\/div>\n\n\n\n<h3 class=\"wp-block-heading\">QU\u00c9 HAY DENTRO Y C\u00d3MO FUNCIONA CUENTA TU PEL\u00cdCULA.<\/h3>\n\n\n\n<p>Vamos a ayudarte en todo lo que supone realizar un dossier de ventas y saber c\u00f3mo presentarlo.<\/p>\n\n\n\n<p>Y adem\u00e1s, desde la comunidad, tambi\u00e9n nos ayudamos entre todas a afrontar el proceso con ganas y te mantengas positiva.<\/p>\n\n\n\n<p>En cuanto te apuntes al curso, te enviaremos un email con las primeras instrucciones.<\/p>\n\n\n\n<p>El programa est\u00e1 organizado en 6 m\u00f3dulos en los que te daremos las herramientas para que puedas tomar las riendas de tu proceso creativo. <\/p>\n\n\n\n<div style=\"height:20px\" aria-hidden=\"true\" class=\"wp-block-spacer\"><\/div>\n\n\n\n<h4 class=\"wp-block-heading\"><strong>CU\u00c1NTO TIEMPO:<\/strong>  <\/h4>\n\n\n\n<ul class=\"wp-block-list\"><li>CUATRO semanas con una sesi\u00f3n semanal de Masterclass de dos horas. <\/li><li>Una sesi\u00f3n de Pitch F\u00f3rum final entre todos los participantes.<\/li><li>Y seguimiento y acompa\u00f1amiento de dos meses al grupo de trabajo una vez se termina el curso. <\/li><\/ul>\n\n\n\n<div style=\"height:20px\" aria-hidden=\"true\" class=\"wp-block-spacer\"><\/div>\n\n\n\n<h4 class=\"wp-block-heading\"><strong>EL M\u00c9TODO:<\/strong>  <\/h4>\n\n\n\n<ol class=\"wp-block-list\"><li>Las Masterclasses consisten en 6 reuniones en l\u00ednea en vivo con Laila y Nadia. <\/li><li>Siempre habr\u00e1: instrucciones claras y ejercicios probados. <\/li><\/ol>\n\n\n\n<ol class=\"wp-block-list\" start=\"3\"><li>Atenderemos todas tus dudas<\/li><li>RESOLUCI\u00d3N DE DUDAS Y ACOMPA\u00d1AMIENTO <strong>DURANTE LOS DOS MESES POSTERIORES AL CURSO.<\/strong><\/li><li>SOPORTE EN GRUPO Y POR MAIL DURANTE UN MES PARA RESOLVER DUDAS Y COMPARTIR INFORMACI\u00d3N<\/li><li>SEGUIMIENTO DE UN MES DE TUS H\u00c1BITOS de escritura EN COMUNIDAD<\/li><\/ol>\n\n\n\n<div style=\"height:20px\" aria-hidden=\"true\" class=\"wp-block-spacer\"><\/div>\n\n\n\n<h4 class=\"wp-block-heading\">ESTAS SON <strong>LAS HERRAMIENTAS: <\/strong>  <\/h4>\n\n\n\n<p><strong>HERRAMIENTA 1:<\/strong> La esencia, o c\u00f3mo llegar al hueso de la historia: la sinopsis. <\/p>\n\n\n\n<p><strong>HERRAMIENTA 2:<\/strong> C\u00f3mo pasar del hueso, al esqueleto. \u00bfEs la idea una historia? Tras la sinopsis: escaleta y argumento: c\u00f3mo pulirlos.<\/p>\n\n\n\n<p><strong>HERRAMIENTA 3: <\/strong>Estrategias para compartir tu proyecto I: la carne. El contenido de un dossier. <\/p>\n\n\n\n<p><strong>HERRAMIENTA 4:<\/strong> El maquillaje. Pensar el Dossier Visualmente. \u00bfHacer un Teaser? Zeitgeist. <\/p>\n\n\n\n<p><strong>HERRAMIENTA 5:<\/strong> C\u00f3mo contarlo y no morir de verg\u00fcenza en el intento. El Pitch. <\/p>\n\n\n\n<p><strong>HERRAMIENTA 6:<\/strong> Ahora s\u00ed: la fiesta. Estrategias para compartir tu proyecto II <\/p>\n\n\n\n<p><strong>HERRAMIENTA 7:<\/strong> Revisi\u00f3n de tu proyecto individual en el grupo. <\/p>\n\n\n\n<p><strong>ADEM\u00c1S: <\/strong><\/p>\n\n\n\n<ul class=\"wp-block-list\"><li>MATERIALES DID\u00c1CTICOS <\/li><li>MATERIALES PARA ELABORAR ESTE Y FUTUROS PROYECTOS<\/li><li>PLANTILLA DE DOSSIER EDITABLE <\/li><li>DOCUMENTO QUE VAMOS AMPLIANDO SOBRE FONDOS A DONDE PRESENTAR TU PROYECTO AUDIOVISUAL EN IBEROAM\u00c9RICA<\/li><\/ul>\n\n\n\n<div style=\"height:30px\" aria-hidden=\"true\" class=\"wp-block-spacer\"><\/div>\n\n\n\n<h3 class=\"wp-block-heading\">PREGUNTAS FRECUENTES:<\/h3>\n\n\n\n<h4 class=\"wp-block-heading\">\u00bfNOS VAIS A AYUDAR EN EL PROCESO?<\/h4>\n\n\n\n<p>Claro que s\u00ed.<\/p>\n\n\n\n<p>Puedes contar con nosotras y escribirnos por el grupo de Facebook o por email si te surge alguna duda o necesitas ayuda.<\/p>\n\n\n\n<p>Adem\u00e1s, porque sabemos lo importante que es sentirse arropada en estos momentos, vas a encontrar mucha ayuda en la comunidad que crearemos en el grupo de Facebook.<\/p>\n\n\n\n<p>\u2026 Porque en compa\u00f1\u00eda todo es mucho m\u00e1s f\u00e1cil y agradable.<\/p>\n\n\n\n<p><\/p>\n\n\n\n<div style=\"height:59px\" aria-hidden=\"true\" class=\"wp-block-spacer\"><\/div>\n\n\n\n<h4 class=\"has-text-align-center text-center wp-block-heading\"><strong>Adquiere este curso en hotmart <\/strong><\/h4>\n\n\n\n<div class=\"d-flex justify-content-center\"><a class=\"button boton001 button_size_2\" href=\"https:\/\/pay.hotmart.com\/P63139602J?bid=1652105749694\" target=\"_blank\" rel=\"noopener\"><span class=\"button_label\">Ir al curso<\/span><\/a><\/div>\n\n\n\n<div style=\"height:58px\" aria-hidden=\"true\" class=\"wp-block-spacer\"><\/div>\n\n\n\n<div class=\"wp-block-group is-nowrap is-layout-flex wp-container-core-group-is-layout-ad2f72ca wp-block-group-is-layout-flex\">\n<figure class=\"wp-block-image size-full\"><img loading=\"lazy\" decoding=\"async\" width=\"134\" height=\"85\" src=\"https:\/\/ficciona.es\/wp-content\/uploads\/2022\/06\/normal_qumra_logo.png\" alt=\"\" class=\"wp-image-1050\" srcset=\"https:\/\/ficciona.es\/wp-content\/uploads\/2022\/06\/normal_qumra_logo.png 134w, https:\/\/ficciona.es\/wp-content\/uploads\/2022\/06\/normal_qumra_logo-50x32.png 50w, https:\/\/ficciona.es\/wp-content\/uploads\/2022\/06\/normal_qumra_logo-118x75.png 118w\" sizes=\"auto, (max-width: 134px) 100vw, 134px\" \/><\/figure>\n\n\n\n<figure class=\"wp-block-image size-full\"><img loading=\"lazy\" decoding=\"async\" width=\"139\" height=\"85\" src=\"https:\/\/ficciona.es\/wp-content\/uploads\/2022\/06\/logo-doha-film-institute.png\" alt=\"\" class=\"wp-image-1048\" srcset=\"https:\/\/ficciona.es\/wp-content\/uploads\/2022\/06\/logo-doha-film-institute.png 139w, https:\/\/ficciona.es\/wp-content\/uploads\/2022\/06\/logo-doha-film-institute-50x31.png 50w, https:\/\/ficciona.es\/wp-content\/uploads\/2022\/06\/logo-doha-film-institute-123x75.png 123w\" sizes=\"auto, (max-width: 139px) 100vw, 139px\" \/><\/figure>\n\n\n\n<figure class=\"wp-block-image size-full\"><img loading=\"lazy\" decoding=\"async\" width=\"148\" height=\"85\" src=\"https:\/\/ficciona.es\/wp-content\/uploads\/2022\/06\/logo-cine-qua-non-lab.png\" alt=\"\" class=\"wp-image-1046\" srcset=\"https:\/\/ficciona.es\/wp-content\/uploads\/2022\/06\/logo-cine-qua-non-lab.png 148w, https:\/\/ficciona.es\/wp-content\/uploads\/2022\/06\/logo-cine-qua-non-lab-50x29.png 50w, https:\/\/ficciona.es\/wp-content\/uploads\/2022\/06\/logo-cine-qua-non-lab-131x75.png 131w\" sizes=\"auto, (max-width: 148px) 100vw, 148px\" \/><\/figure>\n\n\n\n<figure class=\"wp-block-image size-full\"><img loading=\"lazy\" decoding=\"async\" width=\"172\" height=\"85\" src=\"https:\/\/ficciona.es\/wp-content\/uploads\/2022\/06\/Incubadora-logo.png\" alt=\"\" class=\"wp-image-1044\" srcset=\"https:\/\/ficciona.es\/wp-content\/uploads\/2022\/06\/Incubadora-logo.png 172w, https:\/\/ficciona.es\/wp-content\/uploads\/2022\/06\/Incubadora-logo-50x25.png 50w, https:\/\/ficciona.es\/wp-content\/uploads\/2022\/06\/Incubadora-logo-150x75.png 150w\" sizes=\"auto, (max-width: 172px) 100vw, 172px\" \/><\/figure>\n\n\n\n<figure class=\"wp-block-image size-full\"><img loading=\"lazy\" decoding=\"async\" width=\"130\" height=\"85\" src=\"https:\/\/ficciona.es\/wp-content\/uploads\/2022\/06\/Berlinale-Talents-logo.png\" alt=\"\" class=\"wp-image-1042\" srcset=\"https:\/\/ficciona.es\/wp-content\/uploads\/2022\/06\/Berlinale-Talents-logo.png 130w, https:\/\/ficciona.es\/wp-content\/uploads\/2022\/06\/Berlinale-Talents-logo-50x33.png 50w, https:\/\/ficciona.es\/wp-content\/uploads\/2022\/06\/Berlinale-Talents-logo-115x75.png 115w\" sizes=\"auto, (max-width: 130px) 100vw, 130px\" \/><\/figure>\n\n\n\n<figure class=\"wp-block-image size-full\"><img loading=\"lazy\" decoding=\"async\" width=\"190\" height=\"85\" src=\"https:\/\/ficciona.es\/wp-content\/uploads\/2022\/06\/screen-institute-beirut-logo.png\" alt=\"\" class=\"wp-image-1040\" srcset=\"https:\/\/ficciona.es\/wp-content\/uploads\/2022\/06\/screen-institute-beirut-logo.png 190w, https:\/\/ficciona.es\/wp-content\/uploads\/2022\/06\/screen-institute-beirut-logo-50x22.png 50w, https:\/\/ficciona.es\/wp-content\/uploads\/2022\/06\/screen-institute-beirut-logo-150x67.png 150w\" sizes=\"auto, (max-width: 190px) 100vw, 190px\" \/><\/figure>\n\n\n\n<p><\/p>\n<\/div>\n","protected":false},"excerpt":{"rendered":"<p>Tell your movie Obt\u00e9n en 4 semanas las herramientas y los h\u00e1bitos necesarios para contar y presentar a la industria la pel\u00edcula que hace mucho llevas<span class=\"excerpt-hellip\"> [\u2026]<\/span><\/p>\n","protected":false},"author":1,"featured_media":430,"parent":0,"menu_order":0,"comment_status":"closed","ping_status":"closed","template":"","meta":{"footnotes":""},"class_list":["post-1327","page","type-page","status-publish","has-post-thumbnail","hentry"],"_links":{"self":[{"href":"https:\/\/ficciona.es\/en\/wp-json\/wp\/v2\/pages\/1327","targetHints":{"allow":["GET"]}}],"collection":[{"href":"https:\/\/ficciona.es\/en\/wp-json\/wp\/v2\/pages"}],"about":[{"href":"https:\/\/ficciona.es\/en\/wp-json\/wp\/v2\/types\/page"}],"author":[{"embeddable":true,"href":"https:\/\/ficciona.es\/en\/wp-json\/wp\/v2\/users\/1"}],"replies":[{"embeddable":true,"href":"https:\/\/ficciona.es\/en\/wp-json\/wp\/v2\/comments?post=1327"}],"version-history":[{"count":3,"href":"https:\/\/ficciona.es\/en\/wp-json\/wp\/v2\/pages\/1327\/revisions"}],"predecessor-version":[{"id":1386,"href":"https:\/\/ficciona.es\/en\/wp-json\/wp\/v2\/pages\/1327\/revisions\/1386"}],"wp:featuredmedia":[{"embeddable":true,"href":"https:\/\/ficciona.es\/en\/wp-json\/wp\/v2\/media\/430"}],"wp:attachment":[{"href":"https:\/\/ficciona.es\/en\/wp-json\/wp\/v2\/media?parent=1327"}],"curies":[{"name":"wp","href":"https:\/\/api.w.org\/{rel}","templated":true}]}}