{"id":1332,"date":"2022-07-19T09:42:07","date_gmt":"2022-07-19T09:42:07","guid":{"rendered":"https:\/\/ficciona.es\/desarrolla\/"},"modified":"2022-07-29T07:38:24","modified_gmt":"2022-07-29T07:38:24","slug":"content-development","status":"publish","type":"page","link":"https:\/\/ficciona.es\/en\/content-development\/","title":{"rendered":"Content development"},"content":{"rendered":"\n<div style=\"height:50px\" aria-hidden=\"true\" class=\"wp-block-spacer\"><\/div>\n\n\n\n<figure class=\"wp-block-image size-large\"><img loading=\"lazy\" decoding=\"async\" width=\"266\" height=\"33\" src=\"https:\/\/ficciona.es\/wp-content\/uploads\/\/2021\/12\/desarrolla.svg\" alt=\"\" class=\"wp-image-233\"\/><\/figure>\n\n\n\n<div style=\"height:18px\" aria-hidden=\"true\" class=\"wp-block-spacer\"><\/div>\n\n\n\n<h4 class=\"wp-block-heading\">CONTENT DEVELOPMENT<\/h4>\n\n\n\n<div style=\"height:36px\" aria-hidden=\"true\" class=\"wp-block-spacer\"><\/div>\n\n\n\n<h3 class=\"wp-block-heading\">\n          <strong>ESTE ES EL CUARTO DE ESCRITURA Y CREACI\u00d3N DE CONTENIDOS DE FICCIONA. <\/strong>\n        <\/h3>\n\n\n\n<h5 class=\"wp-block-heading\">\n          <strong>NUESTRAS IDEAS Y LAS TUYAS: MEJORADAS Y A TIEMPO. <\/strong>\n        <\/h5>\n\n\n\n<div style=\"height:36px\" aria-hidden=\"true\" class=\"wp-block-spacer\"><\/div>\n\n\n\n<h4 class=\"wp-block-heading\"><strong>PROYECTOS COMISIONADOS Y PROPIOS<\/strong>. <\/h4>\n\n\n\n<p>\n          <strong>\u00bfC\u00f3mo funciona y qu\u00e9 hay aqu\u00ed? <\/strong>\n        <\/p>\n\n\n\n<ol class=\"wp-block-list\"><li>Tenemos una bater\u00eda de <strong>proyectos propios en desarrollo<\/strong> tanto de autor\u00eda de Nadia y Laila, como en desarrollo con otras y otros guionistas a quienes admiramos y con quienes disfrutamos mucho trabajando. <\/li><li> Desarrollamos <strong>proyectos bajo comisi\u00f3n<\/strong>. <\/li><\/ol>\n\n\n\n<div style=\"height:30px\" aria-hidden=\"true\" class=\"wp-block-spacer\"><\/div>\n\n\n\n<h4 class=\"wp-block-heading\">\n          <strong>FICCIONA DESARROLLA BAJO COMISI\u00d3N se caracteriza por:<\/strong>\n        <\/h4>\n\n\n\n<ol class=\"wp-block-list\"><li>Un <strong>compromiso con la calidad<\/strong>: solo juntamos equipos, o proponemos autores y autoras con un alto compromiso con la escritura en forma y contenido. <\/li><li>Nuestros <strong>equipos, o autoras y autores individuales<\/strong> saben lo importante y necesario que es entregar todo <strong>en tiempo y forma <\/strong>y <strong>mantener una comunicaci\u00f3n fluida con los clientes<\/strong>. <\/li><li>Trabajamos <strong>internacionalmente<\/strong>: hasta ahora, tenemos colaboradores con quienes ya hemos trabajado en <strong>M\u00e9xico, Canad\u00e1, Espa\u00f1a y L\u00edbano<\/strong>. <\/li><\/ol>\n\n\n\n<div style=\"height:30px\" aria-hidden=\"true\" class=\"wp-block-spacer\"><\/div>\n\n\n\n<h4 class=\"wp-block-heading\">\n          <strong>ALGUNAS COSAS QUE DICEN DE NOSOTRAS: <\/strong>\n        <\/h4>\n\n\n\n<div style=\"height:20px\" aria-hidden=\"true\" class=\"wp-block-spacer\"><\/div>\n\n\n\n<div class=\"wp-block-cover is-light\" style=\"min-height:339px;aspect-ratio:unset;\"><span aria-hidden=\"true\" class=\"wp-block-cover__background has-background-dim-100 has-background-dim\" style=\"background-color:#f9f9f9\"><\/span><div class=\"wp-block-cover__inner-container is-layout-flow wp-block-cover-is-layout-flow\"><div class=\"wp-block-image is-style-rounded\">\n<figure class=\"alignleft\"><img decoding=\"async\" src=\"https:\/\/lh3.googleusercontent.com\/LcIe6_lY8OZNYAGZ1m3hhPMjMZPAreUG72YFiROn0d2a_sHihSoSIH0zsPX-LGwGcLwyMa8EDbu6VL9-K8FqIUItUzcWKRzou7T9dVftIx-5BqArf1l5LRHU5ys1s6CAlxPHicLp\" alt=\"Georgina Gonzalez profile picture\"\/><\/figure>\n<\/div>\n\n\n<h4 class=\"wp-block-heading\">\n          <a href=\"https:\/\/www.linkedin.com\/in\/georgina-gonzalez-7bb17957\">Georgina Gonzalez<\/a>\n        <\/h4>\n\n\n\n<p>\n          <strong>Director of International Originals, HBO Max<\/strong>\n        <\/p>\n\n\n\n<p>Georgina managed Laila directly<\/p>\n\n\n\n<div style=\"height:20px\" aria-hidden=\"true\" class=\"wp-block-spacer\"><\/div>\n\n\n\n<p>Laila is a talented, professional and collaborative screenwriter. She is remarkably passionate about storytelling and will go the extra mile to bring a high quality script to the screen. I highly recommend her and wish to work with her on many more stories in the future.<\/p>\n\n\n\n<p>\n          <strong>April 17, 2020.<\/strong>\n        <\/p>\n<\/div><\/div>\n\n\n\n<div style=\"height:30px\" aria-hidden=\"true\" class=\"wp-block-spacer\"><\/div>\n\n\n\n<h4 class=\"wp-block-heading\"><strong>ALGUNAS EMPRESAS QUE HAN CONFIADO EN FICCIONA. <\/strong> <\/h4>\n\n\n<div class=\"wp-block-image\">\n<figure class=\"alignleft size-full is-resized\"><img loading=\"lazy\" decoding=\"async\" src=\"https:\/\/ficciona.es\/wp-content\/uploads\/2021\/12\/cinepolis-logo.png\" alt=\"\" class=\"wp-image-244\" width=\"284\" height=\"76\" srcset=\"https:\/\/ficciona.es\/wp-content\/uploads\/2021\/12\/cinepolis-logo.png 750w, https:\/\/ficciona.es\/wp-content\/uploads\/2021\/12\/cinepolis-logo-300x80.png 300w, https:\/\/ficciona.es\/wp-content\/uploads\/2021\/12\/cinepolis-logo-260x69.png 260w, https:\/\/ficciona.es\/wp-content\/uploads\/2021\/12\/cinepolis-logo-50x13.png 50w, https:\/\/ficciona.es\/wp-content\/uploads\/2021\/12\/cinepolis-logo-150x40.png 150w\" sizes=\"auto, (max-width: 284px) 100vw, 284px\" \/><\/figure>\n<\/div>\n\n<div class=\"wp-block-image\">\n<figure class=\"alignleft size-full is-resized\"><img loading=\"lazy\" decoding=\"async\" src=\"https:\/\/ficciona.es\/wp-content\/uploads\/2021\/12\/12-penguins.png\" alt=\"\" class=\"wp-image-245\" width=\"280\" height=\"106\" srcset=\"https:\/\/ficciona.es\/wp-content\/uploads\/2021\/12\/12-penguins.png 364w, https:\/\/ficciona.es\/wp-content\/uploads\/2021\/12\/12-penguins-300x114.png 300w, https:\/\/ficciona.es\/wp-content\/uploads\/2021\/12\/12-penguins-260x99.png 260w, https:\/\/ficciona.es\/wp-content\/uploads\/2021\/12\/12-penguins-50x19.png 50w, https:\/\/ficciona.es\/wp-content\/uploads\/2021\/12\/12-penguins-150x57.png 150w\" sizes=\"auto, (max-width: 280px) 100vw, 280px\" \/><\/figure>\n<\/div>\n\n<div class=\"wp-block-image\">\n<figure class=\"alignleft size-full is-resized\"><img loading=\"lazy\" decoding=\"async\" src=\"https:\/\/ficciona.es\/wp-content\/uploads\/2021\/12\/LOLAFILMS_LOGO.png\" alt=\"\" class=\"wp-image-246\" width=\"232\" height=\"87\" srcset=\"https:\/\/ficciona.es\/wp-content\/uploads\/2021\/12\/LOLAFILMS_LOGO.png 600w, https:\/\/ficciona.es\/wp-content\/uploads\/2021\/12\/LOLAFILMS_LOGO-300x113.png 300w, https:\/\/ficciona.es\/wp-content\/uploads\/2021\/12\/LOLAFILMS_LOGO-260x98.png 260w, https:\/\/ficciona.es\/wp-content\/uploads\/2021\/12\/LOLAFILMS_LOGO-50x19.png 50w, https:\/\/ficciona.es\/wp-content\/uploads\/2021\/12\/LOLAFILMS_LOGO-150x57.png 150w\" sizes=\"auto, (max-width: 232px) 100vw, 232px\" \/><\/figure>\n<\/div>\n\n\n<p><\/p>\n\n\n\n<div style=\"height:30px\" aria-hidden=\"true\" class=\"wp-block-spacer\"><\/div>\n\n\n\n<h5 class=\"wp-block-heading\">\n          <strong>\u00bfQuieres saber m\u00e1s? <\/strong>\n        <\/h5>\n\n\n\n<p>Sigue leyendo: <\/p>\n\n\n\n<div style=\"height:30px\" aria-hidden=\"true\" class=\"wp-block-spacer\"><\/div>\n\n\n\n<h4 class=\"wp-block-heading\">\n          <strong>\u00bfC\u00f3mo funciona FICCIONA DESARROLLA? <\/strong>\n        <\/h4>\n\n\n\n<ol class=\"wp-block-list\"><li>Dependiendo del proyecto, sus necesidades y su naturaleza <strong>formamos el<\/strong> <strong>equipo de guionistas profesionales, o te ofrecemos la autora, o el autor individual id\u00f3neo<\/strong>. <\/li><li>Te hacemos llegar tanto los <strong>CVs, como los samples de escritura <\/strong>de todos los miembros, o la autora, o autor que creemos ser\u00edan ideales para ese proyecto. <\/li><li>Firmamos un <strong>contrato<\/strong>, y nos ponemos a trabajar. <\/li><\/ol>\n\n\n\n<div style=\"height:30px\" aria-hidden=\"true\" class=\"wp-block-spacer\"><\/div>\n\n\n\n<h4 class=\"wp-block-heading\">\n          <strong>\u00bfPor qu\u00e9 nos contactar\u00edas? <\/strong>\n        <\/h4>\n\n\n\n<p>Si tienes <strong>los derechos de un<\/strong> <strong>libro<\/strong>, hay una <strong>historia real<\/strong>, o un <strong>personaje<\/strong> que te importa cuya historia ha de ser contada en forma de largometraje, cortometraje de ficci\u00f3n, o documental, o una <strong>idea potente <\/strong>pero a\u00fan sin desarrollar, desde FICCIONA DESARROLLA llevamos a cabo el <strong>desarrollo, escritura y reescritura de proyectos propios y comisionados. <\/strong><\/p>\n\n\n\n<p><strong>\u00bfYa est\u00e1s deseando que escribamos tu pr\u00f3xima pel\u00edcula, o serie? Por favor, m\u00e1ndanos un email a <\/strong><a href=\"mailto:contact@ficciona.es\"><strong>contact@ficciona.es<\/strong><\/a><strong> con el asunto DESARROLLA y te responderemos. <\/strong> <\/p>\n\n\n\n<div style=\"height:30px\" aria-hidden=\"true\" class=\"wp-block-spacer\"><\/div>\n\n\n\n<h4 class=\"has-text-align-center wp-block-heading\">\n          <strong>Gracias por confiar en FICCIONA. <\/strong>\n        <\/h4>\n\n\n\n<div style=\"height:30px\" aria-hidden=\"true\" class=\"wp-block-spacer\"><\/div>\n\n\n\n<h5 class=\"wp-block-heading\">\n          <strong>Eres guionista y \u00bfquieres formar parte de FICCIONA DESARROLLA? <\/strong>\n        <\/h5>\n\n\n\n<p>Gracias. <\/p>\n\n\n\n<p>Si quieres trabajar con FICCIONA DESARROLLA ten en cuenta que, debido a la nueva pol\u00edtica de protecci\u00f3n de datos, no podemos recibir CV\u2019s sin una convocatoria abierta as\u00ed que, si quieres que hablemos: m\u00e1ndanos una peque\u00f1a bio y cu\u00e9ntanos por qu\u00e9 te gustar\u00eda formar parte de FICCIONA DESARROLLA escribiendo a a <a href=\"mailto:contact@ficciona.es\">contact@ficciona.es<\/a> con el asunto COLABORACIONES. <\/p>\n\n\n\n<p>Nos pondremos en contacto contigo para agendar una reuni\u00f3n. <\/p>\n\n\n\n<div style=\"height:30px\" aria-hidden=\"true\" class=\"wp-block-spacer\"><\/div>\n\n\n\n<div class=\"wp-block-group text-center justify-content-center d-flex align-items-center\"><div class=\"wp-block-group__inner-container is-layout-flow wp-block-group-is-layout-flow\">\n<h4 class=\"has-text-align-center text-center wp-block-heading\">\n          <strong>Gracias por tu inter\u00e9s. <\/strong>\n        <\/h4>\n\n\n\n<div class=\"d-flex justify-content-center\">\n            <a class=\"button boton001 button_size_2\" href=\"https:\/\/ficciona.es\/en\/contact\/\">\n              <span class=\"button_label\">Cont\u00e1ctanos<\/span>\n            <\/a>\n          <\/div>\n<\/div><\/div>\n\n\n\n<p><\/p>\n","protected":false},"excerpt":{"rendered":"<p>CONTENT DEVELOPMENT ESTE ES EL CUARTO DE ESCRITURA Y CREACI\u00d3N DE CONTENIDOS DE FICCIONA. NUESTRAS IDEAS Y LAS TUYAS: MEJORADAS Y A TIEMPO. PROYECTOS COMISIONADOS Y<span class=\"excerpt-hellip\"> [\u2026]<\/span><\/p>\n","protected":false},"author":1,"featured_media":946,"parent":0,"menu_order":0,"comment_status":"closed","ping_status":"closed","template":"","meta":{"footnotes":""},"class_list":["post-1332","page","type-page","status-publish","has-post-thumbnail","hentry"],"_links":{"self":[{"href":"https:\/\/ficciona.es\/en\/wp-json\/wp\/v2\/pages\/1332","targetHints":{"allow":["GET"]}}],"collection":[{"href":"https:\/\/ficciona.es\/en\/wp-json\/wp\/v2\/pages"}],"about":[{"href":"https:\/\/ficciona.es\/en\/wp-json\/wp\/v2\/types\/page"}],"author":[{"embeddable":true,"href":"https:\/\/ficciona.es\/en\/wp-json\/wp\/v2\/users\/1"}],"replies":[{"embeddable":true,"href":"https:\/\/ficciona.es\/en\/wp-json\/wp\/v2\/comments?post=1332"}],"version-history":[{"count":4,"href":"https:\/\/ficciona.es\/en\/wp-json\/wp\/v2\/pages\/1332\/revisions"}],"predecessor-version":[{"id":1396,"href":"https:\/\/ficciona.es\/en\/wp-json\/wp\/v2\/pages\/1332\/revisions\/1396"}],"wp:featuredmedia":[{"embeddable":true,"href":"https:\/\/ficciona.es\/en\/wp-json\/wp\/v2\/media\/946"}],"wp:attachment":[{"href":"https:\/\/ficciona.es\/en\/wp-json\/wp\/v2\/media?parent=1332"}],"curies":[{"name":"wp","href":"https:\/\/api.w.org\/{rel}","templated":true}]}}