{"id":1335,"date":"2022-07-19T09:49:24","date_gmt":"2022-07-19T09:49:24","guid":{"rendered":"https:\/\/ficciona.es\/escribe-tu-pelicula\/"},"modified":"2022-07-28T12:43:18","modified_gmt":"2022-07-28T12:43:18","slug":"write-your-film","status":"publish","type":"page","link":"https:\/\/ficciona.es\/en\/write-your-film\/","title":{"rendered":"Write your film"},"content":{"rendered":"\n<h1 class=\"has-text-align-center wp-block-heading\"><strong>Write your movie<\/strong><\/h1>\n\n\n\n<div style=\"height:32px\" aria-hidden=\"true\" class=\"wp-block-spacer\"><\/div>\n\n\n\n<h3 class=\"has-text-align-center wp-block-heading\"><strong>El primer programa por selecci\u00f3n de Ficciona<\/strong><\/h3>\n\n\n\n<h3 class=\"has-text-align-center wp-block-heading\"><strong>\u00a1Las aplicaciones est\u00e1n abiertas para el primer programa de Escribe tu pel\u00edcula!<\/strong><\/h3>\n\n\n\n<p class=\"has-text-align-center\"><strong>4 semanas | 6 sesiones colectivas | 1 sesi\u00f3n individual<\/strong><\/p>\n\n\n\n<div style=\"height:30px\" aria-hidden=\"true\" class=\"wp-block-spacer\"><\/div>\n\n\n\n<h4 class=\"has-text-align-center text-center wp-block-heading\"><strong>Adquiere este curso en hotmart <\/strong><\/h4>\n\n\n\n<div class=\"d-flex justify-content-center\"><a class=\"button boton001 button_size_2\" href=\"https:\/\/pay.hotmart.com\/P63139602J?bid=1652105749694\" target=\"_blank\" rel=\"noopener\"><span class=\"button_label\">Comprar el curso<\/span><\/a><\/div>\n\n\n\n<div style=\"height:30px\" aria-hidden=\"true\" class=\"wp-block-spacer\"><\/div>\n\n\n\n<h4 class=\"wp-block-heading\"><strong>Objetivo:<\/strong> ESCRIBIR TU PEL\u00cdCULA. <\/h4>\n\n\n\n<p><\/p>\n\n\n\n<p>6 sesiones de 3 horas durante 4 semanas en las que aprendemos a usar herramientas fundamentales para poder dar los siguientes pasos y que sepas c\u00f3mo escribir tu pel\u00edcula. <\/p>\n\n\n\n<p>ETP est\u00e1 dise\u00f1ado tanto para guionistas de cine y televisi\u00f3n emergentes, como profesionales. Durante las sesiones de 4 semanas, con una mezcla de sesiones grupales e individuales, trabajaremos con base en objetivos de revisi\u00f3n muy concretos para que los guiones mejoren, primero puntualmente en lo que se necesite, y, despu\u00e9s, globalmente mediante ejercicios pr\u00e1cticos probados. Terminaremos con un gui\u00f3n m\u00e1s desarrollado y los primeros materiales para hacer una carpeta de desarrollo: tu mejor sinopsis y logline. <\/p>\n\n\n\n<p><strong>ETP ES UN PROGRAMA AL QUE SOLO SE PUEDE ENTRAR POR SELECCI\u00d3N. Por favor, lee las preguntas frecuentes y, para resolver cualquier otra duda, escribe a <\/strong><a href=\"mailto:contact@ficciona.es\"><strong>contact@ficciona.es<\/strong><\/a><strong> con el asunto ETP. <\/strong> <\/p>\n\n\n\n<div style=\"height:30px\" aria-hidden=\"true\" class=\"wp-block-spacer\"><\/div>\n\n\n\n<h4 class=\"wp-block-heading\">Hola ; ) <\/h4>\n\n\n\n<p><strong>Qu\u00e9 ilusi\u00f3n. <\/strong>Arrancamos este programa piloto en FICCIONA. <\/p>\n\n\n\n<p>En ESCRIBE TU PEL\u00cdCULA vamos a ir a lo importante: facilitar en pocas sesiones herramientas nuevas para que puedas dar el siguiente paso en la escritura y reescritura de tu gui\u00f3n. <\/p>\n\n\n\n<p>ESCRIBE TU PEL\u00cdCULA est\u00e1 aqu\u00ed porque <strong>escribir es reescribir, pero no debe ser eterno<\/strong>, y, para justamente evitarlo, hace falta tener <strong>objetivos, fechas l\u00edmites y un grupo que te acompa\u00f1e y todo eso es lo que te proporciona ETP<\/strong>. <\/p>\n\n\n\n<p>Para entrar solo hace falta que tengas un gui\u00f3n que quieras desarrollar. Puede ser un largometraje, tanto de ficci\u00f3n, como documental, un cortometraje o un piloto para una serie. <\/p>\n\n\n\n<p>El programa est\u00e1 estructurado para darle importancia a los elementos de la narrativa que son siempre comunes a las historias: <strong>personajes, estructura<\/strong>, <strong>locaciones<\/strong>, etc\u2026pero todo visto con una <strong>perspectiva nueva<\/strong>. <\/p>\n\n\n\n<p>Al registrarte, fijar\u00e1s <strong>objetivos para tu proyecto<\/strong>. <\/p>\n\n\n\n<p>Para darte una idea, esto ser\u00eda un ejemplo: <\/p>\n\n\n\n<ol class=\"wp-block-list\"><li>Si vienes con un <strong>cortometraje<\/strong>: el objetivo ser\u00eda que terminases un gui\u00f3n completo. <\/li><li>Si vienes con un <strong>largometraje<\/strong>: la idea es que d\u00e9s un paso m\u00e1s, es decir, si est\u00e1s en tratamiento que escribas un primer borrador de gui\u00f3n, y si est\u00e1s en un primer borrador de gui\u00f3n, que salgas de aqu\u00ed con una versi\u00f3n mejorada. <\/li><li>Y si es un <strong>piloto de serie<\/strong>, que entiendas mejor la estructura y salgas con un gui\u00f3n de piloto avanzado. <\/li><li>\u00bfS\u00f3lo eso? No. Porque aunque todo eso no es poco, la idea es que pensemos cu\u00e1les deber\u00edan ser <strong>los siguientes pasos en la industria<\/strong> y dejemos ya <strong>preparados los textos que van con un dossier de venta<\/strong>. <\/li><\/ol>\n\n\n\n<div style=\"height:32px\" aria-hidden=\"true\" class=\"wp-block-spacer\"><\/div>\n\n\n\n<h4 class=\"wp-block-heading\"><strong>\u00bfY por qu\u00e9 \u201cEscribir es reescribir\u201d?<\/strong><\/h4>\n\n\n\n<p>Porque al inicio tienes muchas ideas con buenas intenciones. Pero, como ya sabemos, eso no solo es el camino m\u00e1s corto al infierno, sino que lo m\u00e1s seguro es que no pase de ah\u00ed: una idea y buenas intenciones. <\/p>\n\n\n\n<p>Por eso en ETP te propongo una serie de ejercicios ya probados para que des el siguiente paso fijando objetivos concretos para tu proyecto. <\/p>\n\n\n\n<div style=\"height:32px\" aria-hidden=\"true\" class=\"wp-block-spacer\"><\/div>\n\n\n\n<h4 class=\"wp-block-heading\"><strong>\u00bfPor qu\u00e9 este programa s\u00ed funciona, y es distinto a otros? <\/strong><\/h4>\n\n\n\n<p>\u00bfCu\u00e1ntas veces no te ha pasado que has asistido a una sesi\u00f3n de clase, o una conferencia sobre un tema que te interesa y has pensado que los tips, o la informaci\u00f3n que contaban eran s\u00faper valiosos y luego: has perdido las notas, o simplemente, lo has olvidado todo? <\/p>\n\n\n\n<p>Pues eso no te puede pasar con ESCRIBE TU PEL\u00cdCULA porque al tener acceso a las sesiones grabadas podr\u00e1s revisarlas siempre que necesites. <\/p>\n\n\n\n<p>Adem\u00e1s, \u00bfcu\u00e1ntos cursos online y offline has hecho en los que has empezado proyectos y no los has terminado por no darle <strong>seguimiento<\/strong>? <\/p>\n\n\n\n<p>Justo por eso, en ESCRIBE TU PEL\u00cdCULA, tanto las sesiones como el seguimiento posterior son igual de importantes y <strong>seguimos en contacto para revisar tu proyecto los dos meses siguientes a que termines el curso<\/strong>.<\/p>\n\n\n\n<div style=\"height:32px\" aria-hidden=\"true\" class=\"wp-block-spacer\"><\/div>\n\n\n\n<h4 class=\"wp-block-heading\"><strong>Una Metodolog\u00eda probada. <\/strong><\/h4>\n\n\n\n<p>ESCRIBE TU PEL\u00cdCULA se basa en una serie de talleres con una metodolog\u00eda pulida y probada que ya he impartido en Universidades como el Instituto Tecnol\u00f3gico de Monterrey y la Universidad Nacional Aut\u00f3noma de M\u00e9xico, y que ahora comparto desde FICCIONA.<\/p>\n\n\n\n<div style=\"height:32px\" aria-hidden=\"true\" class=\"wp-block-spacer\"><\/div>\n\n\n\n<h4 class=\"wp-block-heading\"><strong>\u00bfC\u00f3mo funcionar\u00e1? <\/strong><\/h4>\n\n\n\n<p><strong>Las sesiones: <\/strong><\/p>\n\n\n\n<p><strong>6 SESIONES COLECTIVAS<\/strong>: Durante 4 semanas nos reunimos una, o dos veces a la semana colectivamente. Estas sesiones se graban y es obligatorio asistir. <\/p>\n\n\n\n<p><strong>UNA SESI\u00d3N INDIVIDUAL<\/strong>: Dentro de esas cuatro semanas, agendamos una reuni\u00f3n individual que no se graba pues trataremos confidencialmente tu proyecto y los puntos donde est\u00e1s teniendo m\u00e1s problemas, dudas, o ilusiones. <strong>En cuanto te inscribas, la agendamos<\/strong>. <\/p>\n\n\n\n<p><strong>ADEM\u00c1S: <\/strong><\/p>\n\n\n\n<ul class=\"wp-block-list\"><li>Tienes acceso a los v\u00eddeos grabados de cada secci\u00f3n para que puedas verlos cuando quieras y lo necesites, y te sean \u00fatiles para \u00e9ste y otros proyectos. <\/li><\/ul>\n\n\n\n<ul class=\"wp-block-list\"><li>Y tambi\u00e9n: v\u00eddeos explicativos sobre c\u00f3mo usar los programas de Celtx y Final Draft para escribir tus guiones, y links muy espec\u00edficos donde te compartimos informaci\u00f3n \u00daTIL para escribir y reescribir tus guiones. <\/li><\/ul>\n\n\n\n<div style=\"height:32px\" aria-hidden=\"true\" class=\"wp-block-spacer\"><\/div>\n\n\n\n<h4 class=\"wp-block-heading\"><strong>\u00bfC\u00f3mo le daremos le daremos seguimiento a tu proyecto desde FICCIONA? <\/strong><\/h4>\n\n\n\n<ul class=\"wp-block-list\"><li>Como este es un programa en fase piloto: Recibir\u00e1s <strong>UN AN\u00c1LISIS DE GUI\u00d3N COMPLETO<\/strong> 2 semanas despu\u00e9s de que demuestres haber terminado las sesiones y el curso y hayas re-escrito tu pel\u00edcula. <\/li><li>Durante <strong>DOS MESES M\u00c1S<\/strong> nos reuniremos una vez a la semana y le daremos seguimiento a todas tus dudas poniendo en com\u00fan informaci\u00f3n valiosa en torno al desarrollo de proyectos y a los siguientes pasos. <\/li><li>EL PROGRAMA <strong>ESCRIBE TU PEL\u00cdCULA<\/strong> lo lleva LAILA principalmente, y, si te quedas con ganas de m\u00e1s o de trabajar con NADIA, puedes acceder a otros programas con grandes descuentos por ser ya FICCIONANTE ; ) <\/li><\/ul>\n\n\n\n<div style=\"height:32px\" aria-hidden=\"true\" class=\"wp-block-spacer\"><\/div>\n\n\n\n<h4 class=\"wp-block-heading\"><strong>\u00bfFECHAS Y HORARIOS? (CON CTP) <\/strong><\/h4>\n\n\n\n<p><em>Ejemplo: Del lunes 18 de abril, justo despu\u00e9s de semana santa y las sesiones duran hasta el 16 de mayo. El 2 de mayo no habr\u00eda sesi\u00f3n. <\/em><\/p>\n\n\n\n<p><em>Y hasta el 16 de julio tendr\u00edamos seguimiento de las sesiones. <\/em><\/p>\n\n\n\n<p><em>23 de mayo al 16 de junio. <\/em><\/p>\n\n\n\n<p><strong>En cuanto te apuntes al curso, te enviaremos un email para:<\/strong><\/p>\n\n\n\n<p>1. <strong>AGENDAR LA SESI\u00d3N INDIVIDUAL. <\/strong> <\/p>\n\n\n\n<p>2. Para que me cuentes exactamente <strong>tu objetivo<\/strong>. <\/p>\n\n\n\n<div style=\"height:32px\" aria-hidden=\"true\" class=\"wp-block-spacer\"><\/div>\n\n\n\n<h3 class=\"wp-block-heading\"><strong>PROGRAMA DE LAILA HOTAIT PARA ESCRIBE TU PEL\u00cdCULA<\/strong><\/h3>\n\n\n\n<h4 class=\"wp-block-heading\"><strong>METODOLOG\u00cdA: <\/strong><\/h4>\n\n\n\n<p><strong>El programa est\u00e1 organizado en 6 m\u00f3dulos en los que te daremos las herramientas para que puedas tomar las riendas de tu proceso creativo. <\/strong><\/p>\n\n\n\n<p><strong>CU\u00c1NTO TIEMPO:<\/strong>  <\/p>\n\n\n\n<ul class=\"wp-block-list\"><li>CUATRO semanas con una, o dos sesiones semanales de tres horas. <\/li><\/ul>\n\n\n\n<ul class=\"wp-block-list\"><li>UNA sesi\u00f3n individual online durante esas 4 semanas. <ul><li>Seguimiento durante dos meses una vez acabe el curso. <\/li><\/ul><\/li><li>Una sesi\u00f3n de Pitch final entre todos los participantes.<\/li><\/ul>\n\n\n\n<p><strong>EL M\u00c9TODO:<\/strong>  <\/p>\n\n\n\n<ol class=\"wp-block-list\"><li>Las <strong>Masterclasses<\/strong> tratamos los temas con un orden concreto y te llevas ejercicios a casa. <\/li><li>Siempre habr\u00e1: <strong>instrucciones claras<\/strong> y ejercicios probados. <\/li><li>Atenderemos todas tus dudas.<\/li><li>Y recuerda: habr\u00e1 resoluci\u00f3n de dudas y acompa\u00f1amiento los dos meses posteriores al curso. <\/li><li>Tendr\u00e1s un grupo de apoyo para resolver dudas y compartir informaci\u00f3n. <\/li><\/ol>\n\n\n\n<div style=\"height:32px\" aria-hidden=\"true\" class=\"wp-block-spacer\"><\/div>\n\n\n\n<h4 class=\"wp-block-heading\"><strong>EXPLICACI\u00d3N DE LAS FASES<\/strong><\/h4>\n\n\n\n<h5 class=\"wp-block-heading\"><strong>BLOQUE 1: LAS SESIONES ONLINE COLECTIVAS E INDIVIDUALES PARA TRABAJAR EL PROYECTO. <\/strong><\/h5>\n\n\n\n<ol class=\"wp-block-list\"><li>Env\u00edo del primer mail en el que agendamos ya la sesi\u00f3n individual y respondes el autodiagn\u00f3stico fij\u00e1ndote tu objetivo. <\/li><li><strong>CLASE: EL AUTODIAGN\u00d3STICO<\/strong>: c\u00f3mo se hace un auto diagn\u00f3stico. Pondremos la base de todo el proceso: PARA QU\u00c9, LO IMPREDECIBLE Y LA MAGIA, LOS L\u00cdMITES, PERSONAJES, ESTRUCTURA. (3hrs) <\/li><\/ol>\n\n\n\n<p>TAREA: Realizar\u00e1s tu propio autodiagn\u00f3stico. <\/p>\n\n\n\n<ol class=\"wp-block-list\" start=\"2\"><li><strong>CLASE &amp; TALLER<\/strong>: Objetivo a trabajar: EL PARA QU\u00c9\/LO IMPREDECIBLE Y LA MAGIA: nos reuniremos para comentar y ver c\u00f3mo esta perspectiva aplica a las historias. (3hrs)<em> Jueves de 4 pm a 7pm<\/em><\/li><\/ol>\n\n\n\n<p>TAREA: Despu\u00e9s leer\u00e1s un par de textos en torno a estructura y personajes y tendr\u00e1s un documento elaborado especialmente para que puedas seguir revisando tu proyecto.<\/p>\n\n\n\n<ol class=\"wp-block-list\" start=\"3\"><li><strong>CLASE &amp; TALLER<\/strong>: Objetivo a trabajar: LOS L\u00cdMITES Y PERSONAJES.<\/li><\/ol>\n\n\n\n<p>TAREA relacionada con L\u00edmites y personajes. <\/p>\n\n\n\n<ol class=\"wp-block-list\" start=\"4\"><li><strong>CLASE &amp; TALLER<\/strong>: Objetivo a trabajar: LA ESTRUCTURA: los puntos de inflexi\u00f3n fundamentales o hitos en las historias. <\/li><li><strong>SESIONES INDIVIDUALES DE UNA HORA A LO LARGO DE LA SEMANA FINAL PARA TRATAR CADA HISTORIA. <\/strong><ol><li>TAREA: reescritura.<\/li><\/ol><\/li><li><strong>TALLER DE REESCRITURA<\/strong>: los siguientes pasos para la revisi\u00f3n. <\/li><li><strong>TALLER DE H\u00c1BITOS CREATIVOS Y REVISI\u00d3N DE CONCEPTOS Y DUDAS. <\/strong><\/li><\/ol>\n\n\n\n<div style=\"height:32px\" aria-hidden=\"true\" class=\"wp-block-spacer\"><\/div>\n\n\n\n<h5 class=\"wp-block-heading\"><strong>BLOQUE 2: SEGUIMIENTO DURANTE DOS MESES. <\/strong><\/h5>\n\n\n\n<ol class=\"wp-block-list\" start=\"8\"><li><strong>SEGUIMIENTO DE H\u00c1BITOS CREATIVOS Y RESOLUCI\u00d3N DE DUDAS. <\/strong><\/li><li><strong>ENTREGA DE DOCUMENTO FINAL PARA AN\u00c1LISIS DE GUI\u00d3N<\/strong>: como m\u00e1ximo 4 semanas despu\u00e9s de terminar el programa, podr\u00edas enviar tu nueva versi\u00f3n y recibir un <strong>AN\u00c1LISIS DE GUI\u00d3N COMPLETO<\/strong>. <\/li><\/ol>\n\n\n\n<p><strong>ADEM\u00c1S: <\/strong><\/p>\n\n\n\n<ul class=\"wp-block-list\"><li>MATERIALES DID\u00c1CTICOS <\/li><li>MATERIALES PARA ELABORAR \u00c9STE Y FUTUROS PROYECTOS<\/li><li>V\u00cdDEOS INFORMATIVOS PREGRABADOS<\/li><li>DOCUMENTO QUE VAMOS AMPLIANDO SOBRE FONDOS A DONDE PRESENTAR TU PROYECTO AUDIOVISUAL EN IBEROAM\u00c9RICA<\/li><\/ul>\n\n\n\n<p><strong>PREGUNTAS FRECUENTES:<\/strong><\/p>\n\n\n\n<p>C\u00d3MO APLICAR A ESCRIBE TU PEL\u00cdCULA:<\/p>\n\n\n\n<p>1- Hay que rellenar el formulario de solicitud. LA APLICACI\u00d3N ES GRATUITA.<\/p>\n\n\n\n<p>3- Las y los guionistas seleccionados ser\u00e1n notificados por correo electr\u00f3nico.<\/p>\n\n\n\n<p>4- Se paga una cuota \u00fanica de participaci\u00f3n que S\u00cd es reembolsable al final de las dos primeras sesiones. Si ves que en esas dos sesiones ETP no es para ti, por supuesto que te devolvemos el dinero.<\/p>\n\n\n\n<p>5- Lee las preguntas frecuentes y si sigues con dudas, escribe a <a href=\"mailto:contact@ficciona.es\">contact@ficciona.es<\/a> especificando en el asunto ETP. <\/p>\n\n\n\n<p><strong>TARIFA:<\/strong><\/p>\n\n\n\n<ul class=\"wp-block-list\"><li>Las aplicaciones son gratuitas. <\/li><\/ul>\n\n\n\n<ul class=\"wp-block-list\"><li>500 euros al momento de la selecci\u00f3n. <\/li><li>COMPROMISO: Si al final de la primera semana no te funciona el programa: te devolvemos tu dinero sin preguntar. <\/li><\/ul>\n\n\n\n<p><em>En nuestro: <\/em><\/p>\n\n\n\n<p><em>Los lunes y jueves nos reuniremos por la tarde de Madrid y la ma\u00f1ana de M\u00e9xico\/Buenos Aires, en una sesi\u00f3n de 3 horas. <\/em><\/p>\n\n\n\n<p><em>(Madrid: 4pm a 7pm | CDMX: 9am a 12pm | Buenos Aires: 12pm a 3pm) <\/em><\/p>\n\n\n\n<ul class=\"wp-block-list\"><li><em>Sinopsis de tu proyecto y materiales que tengas y crees que sean pertinentes para revisar. <\/em><\/li><\/ul>\n\n\n\n<p><em>Carta de motivaci\u00f3n y presentaci\u00f3n: solo cu\u00e9ntanos qui\u00e9n eres, por qu\u00e9 quieres participar y por qu\u00e9 crees que esto es para ti. <\/em><\/p>\n\n\n\n<div style=\"height:30px\" aria-hidden=\"true\" class=\"wp-block-spacer\"><\/div>\n\n\n\n<h3 class=\"wp-block-heading\">PREGUNTAS FRECUENTES:<\/h3>\n\n\n\n<h4 class=\"wp-block-heading\">\u00bfCu\u00e1ntos cineastas se seleccionan en ETP?<\/h4>\n\n\n\n<p><em>Como es un programa piloto, esta vez habr\u00e1 como m\u00e1ximo: 10 guionistas.<\/em> \u00bfNecesito tener un proyecto ya para unirme a la sala de trabajo?<\/p>\n\n\n\n<ul class=\"wp-block-list\"><li><em>SI. Debes estar trabajando en un corto narrativo, largometraje o piloto para serie en la etapa de desarrollo.<\/em><\/li><li>\u00bfA qu\u00e9 te refieres con la etapa de desarrollo?<\/li><li><em>Debe haber escrito un tratamiento y comprender la trama y los personajes. <\/em><\/li><li>Esta es mi primera experiencia escribiendo. \u00bfEs este el taller adecuado para m\u00ed?<\/li><li><em>Este programa est\u00e1 dise\u00f1ado y ya se ha impartido a guionistas emergentes y profesionales.<\/em><\/li><li>\u00bfPuedo tener un coguionista?<\/li><li> SI. Los coautores pueden enviar el mismo formulario. Si el proyecto es seleccionado, se paga una sola cuota. <\/li><li>\u00bfPuedo presentar m\u00e1s de un proyecto?<\/li><li>S\u00ed. <\/li><li>Solo puedo asistir a algunas de las sesiones y no a las 8 sesiones. \u00bfPuedo participar?<\/li><li>No, lo siento, para esta edici\u00f3n no es posible pues es la edici\u00f3n piloto, s\u00ed para futuras ediciones. As\u00ed que escr\u00edbenos a <a href=\"mailto:contact@ficciona.es\">contact@ficciona.es<\/a>, y vemos c\u00f3mo ayudarte. <\/li><li>\u00bfD\u00f3nde se realizan las sesiones?<\/li><li>A trav\u00e9s de sesiones en Zoom.<\/li><li>\u00bfC\u00f3mo voy a saber que no me van a copiar mis ideas? <\/li><li>Para proteger tus ideas y todo tu material, todos los guionistas seleccionados para entrar en ETP firman un Acuerdo de No Divulgaci\u00f3n &#8211; en ingl\u00e9s se llama un Non Disclosure Agreement &#8211; con FICCIONA antes del inicio, si no, no pueden acceder al curso, ni a los v\u00eddeos. <\/li><\/ul>\n\n\n\n<div style=\"height:32px\" aria-hidden=\"true\" class=\"wp-block-spacer\"><\/div>\n\n\n\n<h4 class=\"wp-block-heading\">\u00bfHay apoyo individual durante el proceso?<\/h4>\n\n\n\n<p>Claro que s\u00ed. Puedes contar con nosotras y escribirnos por el grupo de Facebook, o por email si te surge alguna duda o necesitas ayuda. Adem\u00e1s, porque sabemos lo importante que es sentirse en compa\u00f1\u00eda, vas a encontrar mucha ayuda en la comunidad que crearemos en el grupo de Facebook. <\/p>\n\n\n\n<div style=\"height:24px\" aria-hidden=\"true\" class=\"wp-block-spacer\"><\/div>\n\n\n\n<p><strong>1. \u00bfC\u00f3mo funciona el curso? \u00bfEn qu\u00e9 formato est\u00e1?<\/strong><\/p>\n\n\n\n<p>En cuanto te apuntes al curso, te enviaremos un email de bienvenida y el link de acceso a las sesiones en vivo. Adem\u00e1s, recibir\u00e1s emails semanales, con materiales para las clases y agendaremos las sesiones individuales. Tambi\u00e9n te daremos acceso al grupo privado de Facebook que es donde estar\u00e1 la comunidad.<\/p>\n\n\n\n<p><strong>3. \u00bfPuedo hacer el curso si no tengo idea de hacer cine?<\/strong><\/p>\n\n\n\n<p>Claro que s\u00ed. Siempre que te entusiasme el cine, o las historias no te ser\u00e1 dif\u00edcil seguir el curso. Adem\u00e1s, te explicamos lo que hay que hacer paso a paso como si fuese un manual de instrucciones.<\/p>\n\n\n\n<p>Recuerda que nos puedes hacer cualquier pregunta en las sesiones en vivo, por email, en el grupo de Facebook y en la sesi\u00f3n individual.<\/p>\n\n\n\n<p><strong>4. No tengo tiempo, \u00bfc\u00f3mo voy a poder escribir un proyecto?<\/strong><\/p>\n\n\n\n<p>Este curso es justo la soluci\u00f3n a eso porque vamos completando etapas y vas a aprender a gestionar tus h\u00e1bitos y a fijarte una meta semanal gracias a nuestro sistema de trabajo. Pero adem\u00e1s, es que te lo damos todo hecho. Menos tu historia. Ese ingrediente clave: lo pones t\u00fa. No tendr\u00e1s que perder tiempo navegando en internet pensando buscando el grial.<\/p>\n\n\n\n<p><strong>5. He intentado sentarme a escribir muchas veces y no lo consigo, no s\u00e9 si esta vez podr\u00e9 hacerlo.<\/strong><\/p>\n\n\n\n<p>Pero nunca lo hab\u00edas intentado con una comunidad que estaba ah\u00ed para ti, \u00bfverdad? <\/p>\n\n\n\n<p>Vas a tener nuestra ayuda para resolver cualquier duda que tengas. <\/p>\n\n\n\n<p>Si alguna vez te frustras, o desanimas, te animaremos y lo conseguiremos. \ud83d\udcaa<\/p>\n\n\n\n<p><strong>6.\u00bfHe estudiado comunicaci\u00f3n audiovisual o cine, esto es solo para principiantes?<\/strong><\/p>\n\n\n\n<p>\u00a1NO! Para nada. Es tambi\u00e9n para profesionales que est\u00e1n deseando desempolvar ese proyecto tras tenerlo tanto tiempo enterrado en un caj\u00f3n. <\/p>\n\n\n\n<p><strong>7. \u00bfTendr\u00e9 asesor\u00edas individualizadas?<\/strong><\/p>\n\n\n\n<p>S\u00ed. S\u00ed. S\u00ed. En ESCRIBE Tu Pel\u00edcula tendr\u00e1s una sesi\u00f3n individual en la que veremos SOLO tu proyecto.<\/p>\n\n\n\n<p><strong>8. \u00bfLe dar\u00e9is seguimiento a mi proyecto una vez terminado el curso?<\/strong><\/p>\n\n\n\n<p>S\u00ed. Durante todo el mes posterior a que terminemos el curso seguiremos en contacto y resolviendo tus dudas.<\/p>\n\n\n\n<div style=\"height:24px\" aria-hidden=\"true\" class=\"wp-block-spacer\"><\/div>\n\n\n\n<p><strong>Tengo mas preguntas \u00bfC\u00f3mo puedo contactar a FICCIONA?<\/strong><\/p>\n\n\n\n<p>Es s\u00faper f\u00e1cil. Escr\u00edbenos a <a href=\"mailto:contact@ficciona.es\">contact@ficciona.es<\/a> con el asunto &#8220;Consulta ETP&#8221; y te responderemos.<\/p>\n\n\n\n<h4 class=\"wp-block-heading\">Gracias y ya sabes, SI LO CUENTAS, ERES.<\/h4>\n","protected":false},"excerpt":{"rendered":"<p>Write your movie El primer programa por selecci\u00f3n de Ficciona \u00a1Las aplicaciones est\u00e1n abiertas para el primer programa de Escribe tu pel\u00edcula! 4 semanas | 6<span class=\"excerpt-hellip\"> [\u2026]<\/span><\/p>\n","protected":false},"author":1,"featured_media":955,"parent":0,"menu_order":0,"comment_status":"closed","ping_status":"closed","template":"","meta":{"footnotes":""},"class_list":["post-1335","page","type-page","status-publish","has-post-thumbnail","hentry"],"_links":{"self":[{"href":"https:\/\/ficciona.es\/en\/wp-json\/wp\/v2\/pages\/1335","targetHints":{"allow":["GET"]}}],"collection":[{"href":"https:\/\/ficciona.es\/en\/wp-json\/wp\/v2\/pages"}],"about":[{"href":"https:\/\/ficciona.es\/en\/wp-json\/wp\/v2\/types\/page"}],"author":[{"embeddable":true,"href":"https:\/\/ficciona.es\/en\/wp-json\/wp\/v2\/users\/1"}],"replies":[{"embeddable":true,"href":"https:\/\/ficciona.es\/en\/wp-json\/wp\/v2\/comments?post=1335"}],"version-history":[{"count":3,"href":"https:\/\/ficciona.es\/en\/wp-json\/wp\/v2\/pages\/1335\/revisions"}],"predecessor-version":[{"id":1387,"href":"https:\/\/ficciona.es\/en\/wp-json\/wp\/v2\/pages\/1335\/revisions\/1387"}],"wp:featuredmedia":[{"embeddable":true,"href":"https:\/\/ficciona.es\/en\/wp-json\/wp\/v2\/media\/955"}],"wp:attachment":[{"href":"https:\/\/ficciona.es\/en\/wp-json\/wp\/v2\/media?parent=1335"}],"curies":[{"name":"wp","href":"https:\/\/api.w.org\/{rel}","templated":true}]}}