{"id":1343,"date":"2022-07-19T09:57:39","date_gmt":"2022-07-19T09:57:39","guid":{"rendered":"https:\/\/ficciona.es\/cookies-policy\/"},"modified":"2022-07-19T09:57:40","modified_gmt":"2022-07-19T09:57:40","slug":"cookies-policy","status":"publish","type":"page","link":"https:\/\/ficciona.es\/en\/cookies-policy\/","title":{"rendered":"Cookies policy"},"content":{"rendered":"\n<p><\/p>\n\n<h1 class=\"wp-block-heading\">Cookies policy<\/h1>\n\n<div style=\"height:40px\" aria-hidden=\"true\" class=\"wp-block-spacer\"><\/div>\n\n<p><strong>Consideraciones previas: <\/strong><\/p>\n\n<p>Se entender\u00e1 por usuario toda persona que navegue en el sitio web www.cocinandoelcambio.com, en lo adelante, simplemente el sitio web.<\/p>\n\n<p>Se entender\u00e1 por editora(s) la(s) due\u00f1a(s) del sitio web, quien es \u201cLa Propietaria\u201d, identificada en el aviso legal. <\/p>\n\n<p>La navegaci\u00f3n del usuario en el sitio web es manifestaci\u00f3n de su aceptaci\u00f3n y autorizaci\u00f3n para el uso de las cookies en su navegador. Si en alg\u00fan momento desea revocar esta autorizaci\u00f3n, podr\u00e1 hacerlo sin obst\u00e1culo alguno. Para ello puede visualizar la secci\u00f3n Desactivaci\u00f3n o eliminaci\u00f3n de cookies, que se encuentra descrita en estas pol\u00edticas, m\u00e1s abajo. <\/p>\n\n<p>La editora est\u00e1 en total libertad de realizar los cambios que considere pertinentes en el sitio web. Para ello podr\u00e1 a\u00f1adir apartados, funcionalidades o cualquier elemento que quiz\u00e1s pueda generar el uso de nuevas cookies, por lo que se aconseja al usuario que verifique la presente pol\u00edtica de cookies cada vez que acceda al sitio web, para que pueda mantenerse actualizado por cualquier cambio que se pueda haber dado desde la \u00faltima visita realizada.<\/p>\n\n<p><strong>Definici\u00f3n y funci\u00f3n de las cookies:<\/strong><\/p>\n\n<p>Las cookies son informaciones que se almacenan en el navegador del usuario de un sitio web para poder consultar la actividad previa que ha tenido, as\u00ed como recordar ciertos datos para una pr\u00f3xima visita. Su uso es generalizado y as\u00ed ha sido desde hace muchos a\u00f1os.<\/p>\n\n<p>Suelen almacenar datos de car\u00e1cter t\u00e9cnico, estad\u00edsticas de uso, enlaces a redes sociales, administraci\u00f3n de preferencias personales, entre otras funciones, con el fin de poder adaptar el sitio web a las necesidades y configuraciones del usuario, mejorando as\u00ed la experiencia de la navegaci\u00f3n, el no aceptarlas podr\u00eda entorpecer el servicio que el sitio web desea ofrecer.<\/p>\n\n<p>No son archivos de virus, spam, troyanos, gusanos, spyware, ni programaci\u00f3n publicitaria ya sea est\u00e1tica en la p\u00e1gina o en formato de ventana emergente (pop-up).<\/p>\n\n<p>Para mayor informaci\u00f3n, desactivaci\u00f3n de las cookies o eliminarlas puede ver m\u00e1s abajo, SECCI\u00d3N 2. <\/p>\n\n<p><strong>Cookies utilizadas en este sitio web:<\/strong><\/p>\n\n<p>Cumpliendo con la normativa establecida por la Agencia Espa\u00f1ola de Protecci\u00f3n de Datos, se hace saber al usuario que este sitio web hace uso de las siguientes cookies: t\u00e9cnicas, de personalizaci\u00f3n, de an\u00e1lisis, de la siguiente forma:<\/p>\n\n<ul class=\"wp-block-list\"><li>Propias:<ul><li>Cookies de sesi\u00f3n o entrada del usuario: relacionadas con su actividad dentro del sitio web, estas cookies son utilizadas para poder registrar lo que ha rellenado en los formularios, o resoluci\u00f3n de test para determinar la humanidad del usuario, con el fin de evitar spam o aplicaciones automatizadas no autorizadas. Usadas por ejemplo para poder escribir los comentarios en un blog, almacenar los productos en un carro de compras, ver una zona de cliente personalizada.<\/li><li>Cookies de seguridad del usuario: con el fin de evitar intentos err\u00f3neos de conexi\u00f3n al sitio web<\/li><li>Cookies de personalizaci\u00f3n de la interfaz de usuario<\/li><li>Cookies de complemento (plug-in) para intercambiar contenidos sociales<\/li><\/ul><\/li><li>De terceros:<ul><li>Google Analytics: Google, a trav\u00e9s de su servicio Analytics, almacena cookies para poder tener la informaci\u00f3n necesaria para generar informaci\u00f3n sobre estad\u00edsticas del tr\u00e1fico y volumen de visitas del sitio web. Navegando y utilizando el sitio web, el usuario acepta estas cookies y el tratamiento de las mismas. Para ejercitar cualquier derecho relacionado, deber\u00e1 comunicarse directamente con Google.<\/li><\/ul><\/li><li>Redes sociales: Este sitio web est\u00e1 conectado con algunas redes sociales como Twitter, Pinterest, Facebook, Instagram, entre otras que se indican expresamente en el sitio web, con en fin de poder compartir u opinar sobre el contenido del sitio web, siendo cada red social que se indique en el sitio web, la responsable de las cookies instaladas en el navegador del usuario.<\/li><\/ul>\n<p><strong>Desactivaci\u00f3n o eliminaci\u00f3n de cookies:<\/strong><\/p>\n\n<p>En cualquier momento el usuario podr\u00e1 ejercer su derecho a negarse a las cookies y podr\u00e1 en consecuencia desactivarlas o eliminarlas. Para ello deber\u00e1 seguir las instrucciones seg\u00fan el navegador que est\u00e9 utilizando para navegar en el sitio web, puede ver unos ejemplos en este link (el texto sobre c\u00f3mo borrarlas se encuentra m\u00e1s abajo, SECCI\u00d3N 2)<\/p>\n\n<p><strong>Avisos relacionados con las cookies:<\/strong><\/p>\n\n<p>La editora no se hace responsable por los fallos t\u00e9cnicos que el usuario pueda encontrar en el sitio web o en su navegador por manipular de manera err\u00f3nea la desactivaci\u00f3n o eliminaci\u00f3n de las cookies, en todo momento deber\u00e1 el usuario verificar la informaci\u00f3n sobre su desactivaci\u00f3n o eliminaci\u00f3n en la secci\u00f3n de ayuda del navegador que le corresponda. El usuario asume la responsabilidad de eliminar o desactivar las cookies en su navegador y, por ende, asume las consecuencias que se deriven de esto. <\/p>\n\n<p>La editora en ning\u00fan momento es quien crea las cookies, estos archivos vienen preconfigurados en el propio navegador del usuario, plugin utilizados as\u00ed como las herramientas de edici\u00f3n necesarias y utilizadas para la creaci\u00f3n del sitio web.<\/p>\n\n<p>Si el usuario ha eliminado las cookies, y desea navegar nuevamente en este sitio web, deber\u00e1 aceptar una vez m\u00e1s las cookies.<\/p>\n\n<p>En el caso de las cookies de Google Analytics, los datos recogidos por esta empresa son an\u00f3nimos, almacena las cookies en servidores ubicados en Estados Unidos, han declarado que no guardan en ning\u00fan momento la direcci\u00f3n IP ni datos personales, y no compartir\u00e1n la informaci\u00f3n con terceros salvo en casos que le sean solicitados por decisi\u00f3n judicial. Google Inc. ha firmado el Acuerdo de Puerto Seguro, garantizando as\u00ed que los datos transferidos son tratados con un nivel de protecci\u00f3n como lo exige la normativa europea. Si el usuario desea m\u00e1s informaci\u00f3n sobre las cookies recogidas por Google Analytics puede visitar esta p\u00e1gina https:\/\/developers.google.com\/analytics\/devguides\/collection\/analyticsjs\/cookie-usage?hl=es&amp;csw=1<\/p>\n\n<p>En todo momento el usuario podr\u00e1 comunicarse con la editora a trav\u00e9s del correo electr\u00f3nico contact@ficciona.es.<\/p>\n\n<p><strong>SECCI\u00d3N 2:<\/strong><\/p>\n\n<p><strong>M\u00e1s informaci\u00f3n sobre las cookies:<\/strong><\/p>\n\n<p>En esta secci\u00f3n, por ser meramente informativa sobre la definici\u00f3n de las cookies, se entender\u00e1 por editor aquella persona encargada de programar el contenido de un sitio web, usuario todo aquel que navegue en un sitio web, ambos entendidos de manera general y no particular a Las Propietarias de esta web.<\/p>\n\n<p><strong>Informaci\u00f3n almacenada por las cookies: <\/strong><\/p>\n\n<p>Las cookies almacenan datos de car\u00e1cter t\u00e9cnico tales como personalizaci\u00f3n de contenido, aceptaci\u00f3n del uso de las cookies, configuraciones personales. Los datos de informaci\u00f3n sensible como n\u00fameros de tarjetas de cr\u00e9dito o d\u00e9bito, cuentas bancarias, n\u00fameros de identificaci\u00f3n personal, im\u00e1genes, entre otros, no suelen ser almacenados por las cookies.<\/p>\n\n<p>La informaci\u00f3n almacenada se refiere al navegador (Internet Explorer, Safari, Chrome, Firefox, etc.), y no al usuario, para constatar esto puede entrar en el mismo dominio web y verificar en dos navegadores diferentes que puede configurar diferentes preferencias en cada uno.<\/p>\n\n<p><strong>Tipos de cookies:<\/strong><\/p>\n\n<p>Esta secci\u00f3n ha sido tomada de la Gu\u00eda sobre el uso de las cookies de la Agencia Espa\u00f1ola de Protecci\u00f3n de Datos <a href=\"http:\/\/www.agpd.es\/portalwebAGPD\/canaldocumentacion\/publicaciones\/common\/\">http:\/\/www.agpd.es\/portalwebAGPD\/canaldocumentacion\/publicaciones\/common\/<\/a><\/p>\n\n<ul class=\"wp-block-list\"><li>Seg\u00fan la entidad que las gestione<ul><li>Propias: Son aqu\u00e9llas que se env\u00edan al equipo terminal del usuario desde un equipo o dominio gestionado por el propio editor y desde el que se presta el servicio solicitado por el usuario.<\/li><li>De terceros: Son aqu\u00e9llas que se env\u00edan al equipo terminal del usuario desde un equipo o dominio que no es gestionado por el editor, sino por otra entidad que trata los datos obtenidos trav\u00e9s de las cookies.<\/li><\/ul><\/li><\/ul>\n<p>En el caso de que las cookies sean instaladas desde un equipo o dominio gestionado por el propio editor pero la informaci\u00f3n que se recoja mediante \u00e9stas sea gestionada por un tercero, no pueden ser consideradas como cookies propias.<\/p>\n\n<p><strong>2. Seg\u00fan el plazo de tiempo que permanecen activadas en el equipo terminal:<\/strong><\/p>\n\n<p>a. Cookies de sesi\u00f3n: Son un tipo de cookies dise\u00f1adas para recabar y almacenar datos mientras el usuario accede a una p\u00e1gina web. Se suelen emplear para almacenar informaci\u00f3n que solo interesa conservar para la prestaci\u00f3n del servicio solicitado por el usuario en una sola ocasi\u00f3n (p.e. una lista de productos adquiridos).<\/p>\n\n<p>b. Cookies persistentes: Son un tipo de cookies en el que los datos siguen almacenados en el terminal y pueden ser accedidos y tratados durante un per\u00edodo definido por el responsable de la cookie, y que puede ir de unos minutos a varios a\u00f1os.<\/p>\n\n<ul class=\"wp-block-list\"><li>Seg\u00fan la finalidad para la que se traten los datos obtenidos a trav\u00e9s de las cookies, podemos distinguir entre:<ul><li>Cookies t\u00e9cnicas: Son aqu\u00e9llas que permiten al usuario la navegaci\u00f3n a trav\u00e9s de una p\u00e1gina web, plataforma o aplicaci\u00f3n y la utilizaci\u00f3n de las diferentes opciones o servicios que en ella existan como, por ejemplo, controlar el tr\u00e1fico y la comunicaci\u00f3n de datos, identificar la sesi\u00f3n, acceder a partes de acceso restringido, recordar los elementos que integran un pedido, realizar el proceso de compra de un pedido, realizar la solicitud de inscripci\u00f3n o participaci\u00f3n en un evento, utilizar elementos de seguridad durante la navegaci\u00f3n, almacenar contenidos para la difusi\u00f3n de videos o sonido o compartir contenidos a trav\u00e9s de redes sociales.<\/li><li>Cookies de personalizaci\u00f3n: Son aqu\u00e9llas que permiten al usuario acceder al servicio con algunas caracter\u00edsticas de car\u00e1cter general predefinidas en funci\u00f3n de una serie de criterios en el terminal del usuario como por ejemplo ser\u00edan el idioma, el tipo de navegador a trav\u00e9s del cual accede al servicio, la configuraci\u00f3n regional desde donde accede al servicio, etc.<\/li><li>Cookies de an\u00e1lisis: Son aqu\u00e9llas que permiten al responsable de las mismas, el seguimiento y an\u00e1lisis del comportamiento de los usuarios de los sitios web a los que est\u00e1n vinculadas. La informaci\u00f3n recogida mediante este tipo de cookies se utiliza en la medici\u00f3n de la actividad de los sitios web, aplicaci\u00f3n o plataforma y para la elaboraci\u00f3n de perfiles de navegaci\u00f3n de los usuarios de dichos sitios, aplicaciones y plataformas, con el fin de introducir mejoras en funci\u00f3n del an\u00e1lisis de los datos de uso que hacen los usuarios del servicio.<\/li><li>Cookies publicitarias: Son aqu\u00e9llas que permiten la gesti\u00f3n, de la forma m\u00e1s eficaz posible, de los espacios publicitarios que, en su caso, el editor haya incluido en una p\u00e1gina web, aplicaci\u00f3n o plataforma desde la que presta el servicio solicitado en base a criterios como el contenido editado o la frecuencia en la que se muestran los anuncios.<\/li><li>Cookies de publicidad comportamental: Son aqu\u00e9llas que permiten la gesti\u00f3n, de la forma m\u00e1s eficaz posible, de los espacios publicitarios que, en su caso, el editor haya incluido en una p\u00e1gina web, aplicaci\u00f3n o plataforma desde la que presta el servicio solicitado. Estas cookies almacenan informaci\u00f3n del comportamiento de los usuarios obtenida a trav\u00e9s de la observaci\u00f3n continuada de sus h\u00e1bitos de navegaci\u00f3n, lo que permite desarrollar un perfil espec\u00edfico para mostrar publicidad en funci\u00f3n del mismo.<\/li><\/ul><\/li><\/ul>\n<p><strong>Consecuencias de desactivar las cookies:<\/strong><\/p>\n\n<p>A manera de ejemplo, los posibles efectos por no autorizar el uso de cookies pueden ser los siguientes:<\/p>\n\n<ul class=\"wp-block-list\"><li>No se cargar\u00e1n los productos elegidos en la tienda, por lo que no se crear\u00e1 un carro de compras, impidiendo la posibilidad de finalizar con la adquisici\u00f3n de los productos deseados<\/li><li>No podr\u00e1 acceder al \u00e1rea de cliente, \u00e1rea personal, ni ninguna que requiera de la confirmaci\u00f3n<\/li><li>No se podr\u00e1n recoger los datos necesarios para analizar el sitio web, impidiendo al editor saber c\u00f3mo mejorar<\/li><li>No podr\u00e1 compartir el contenido del sitio web en redes sociales tales como Facebook, Twitter, Instagram, entre otros.<\/li><li>No podr\u00e1 realizar comentarios en el blog<\/li><li>No podr\u00e1 usar ninguna red social, ya que todas usan cookies para poder ofrecer su servicio.<\/li><li>No se podr\u00e1 mostrar publicidad de terceros, disminuyendo los ingresos para quien use esta modalidad<\/li><li>En determinados sitios de dominios web podr\u00e1 considerarse su navegaci\u00f3n como spam por no poder ser identificada<\/li><li>Varios. Esta lista es meramente enunciativa, no limitativa.<\/li><\/ul>\n<p>Para ampliar la informaci\u00f3n que tiene sobre este tema, puede visualizar la Gu\u00eda sobre el uso de las cookies de la Agencia Espa\u00f1ola de Protecci\u00f3n de Datos http:\/\/www.agpd.es\/portalwebAGPD\/canaldocumentacion\/publicaciones\/common\/Guias\/Guia_Cookies.pdf (puedes acortarlo o crear un hiperv\u00ednculo)<\/p>\n\n<p><strong>Eliminaci\u00f3n y bloqueo de las cookies, o c\u00f3mo retirar mi consentimiento: <\/strong><\/p>\n\n<p>Si quisiese retirar en cualquier momento su consentimiento relacionado con la presente Pol\u00edtica de Cookies, deber\u00e1 eliminar las cookies almacenadas en su equipo (ordenador o dispositivo m\u00f3vil) a trav\u00e9s de los ajustes y configuraciones de su navegador de Internet.<\/p>\n\n<p>Para mayor informaci\u00f3n sobre la eliminaci\u00f3n, deshabilitaci\u00f3n o bloqueo de las cookies por favor visite: <a href=\"http:\/\/www.aboutcookies.org\/Default.aspx?page=2\">http:\/\/www.aboutcookies.org\/Default.aspx?page=2<\/a> Modificaci\u00f3n de la configuraci\u00f3n y ajustes sobre cookies.<\/p>\n\n<p>Salvo que haya ajustado la configuraci\u00f3n de su navegador, nuestro sistema crear\u00e1 cookies en cuanto visite nuestro Sitio Web. Tenga presente que todos los navegadores de Internet permiten el cambio de dicha configuraci\u00f3n. Para m\u00e1s informaci\u00f3n sobre la forma de ajustar sus configuraciones de cookies en los siguientes navegadores, le remitimos al enlace pertinente:<\/p>\n\n<p>Internet Explorer:<\/p>\n\n<ul class=\"wp-block-list\"><li>5 <a href=\"http:\/\/support.microsoft.com\/kb\/196955\">http:\/\/support.microsoft.com\/kb\/196955<\/a><\/li><li>6 <a href=\"http:\/\/support.microsoft.com\/kb\/283185\">http:\/\/support.microsoft.com\/kb\/283185<\/a><\/li><li>7 <a href=\"http:\/\/www.allaboutcookies.org\/manage-cookies\/internet-explorer7-plus.html\">http:\/\/www.allaboutcookies.org\/manage-cookies\/internet-explorer7-plus.html<\/a><\/li><li>8 <a href=\"http:\/\/www.allaboutcookies.org\/manage-cookies\/internet-explorer8-plus.html\">http:\/\/www.allaboutcookies.org\/manage-cookies\/internet-explorer8-plus.html<\/a><\/li><li>9 <a href=\"http:\/\/windows.microsoft.com\/is-IS\/windows7\/How-to-manage-cookies-in-Internet-Explorer-9\">http:\/\/windows.microsoft.com\/is-IS\/windows7\/How-to-manage-cookies-in-Internet-Explorer-9<\/a><\/li><\/ul>\n<p>Firefox<\/p>\n\n<ul class=\"wp-block-list\"><li><a href=\"http:\/\/support.mozilla.org\/en-US\/kb\/Cookies\">http:\/\/support.mozilla.org\/en-US\/kb\/Cookies<\/a><\/li><\/ul>\n<p>Chrome<\/p>\n\n<ul class=\"wp-block-list\"><li><a href=\"http:\/\/support.google.com\/chrome\/bin\/answer.py?hl=en&amp;answer=95647\">http:\/\/support.google.com\/chrome\/bin\/answer.py?hl=en&amp;answer=95647<\/a><\/li><\/ul>\n<p>Safari<\/p>\n\n<ul class=\"wp-block-list\"><li><a href=\"http:\/\/support.apple.com\/kb\/PH5042\">http:\/\/support.apple.com\/kb\/PH5042<\/a> (and for iOS \u2013 <a href=\"http:\/\/support.apple.com\/kb\/HT1677\">http:\/\/support.apple.com\/kb\/HT1677<\/a><\/li><\/ul>\n<p><strong>ACEPTACI\u00d3N DE COOKIES:<\/strong><\/p>\n\n<p>Utilizamos cookies propias y de terceros para mejorar nuestros servicios y mostrarle publicidad relacionada con sus preferencias mediante el an\u00e1lisis de sus h\u00e1bitos de navegaci\u00f3n. Si continua navegando, consideramos que acepta su uso. Puede cambiar la configuraci\u00f3n u obtener m\u00e1s informaci\u00f3n escribi\u00e9ndonos a contact@ficciona.es<\/p>\n\n<h4 class=\"wp-block-heading\"><strong>Cambios en la pol\u00edtica de cookies:<\/strong><\/h4>\n\n<p>Es posible que actualicemos la Pol\u00edtica de Cookies de nuestro Sitio Web, por ello le recomendamos revisar esta pol\u00edtica cada vez que acceda a nuestro Sitio Web con el objetivo de estar adecuadamente informado sobre c\u00f3mo y para qu\u00e9 usamos las cookies. La Pol\u00edtica de Cookies se actualiz\u00f3 por \u00faltima vez a fecha 03 de mayo de 2022.<\/p>\n\n<h4 class=\"wp-block-heading\"><strong>Contacto:<\/strong><\/h4>\n\n<p>Si tuviera alguna duda, comentario o sugerencia sobre la Pol\u00edtica de Cookies, por favor escr\u00edbenos a trav\u00e9s de nuestra secci\u00f3n de contacto.<\/p>\n","protected":false},"excerpt":{"rendered":"<p>Cookies policy Consideraciones previas: Se entender\u00e1 por usuario toda persona que navegue en el sitio web www.cocinandoelcambio.com, en lo adelante, simplemente el sitio web. Se entender\u00e1<span class=\"excerpt-hellip\"> [\u2026]<\/span><\/p>\n","protected":false},"author":1,"featured_media":1024,"parent":0,"menu_order":0,"comment_status":"closed","ping_status":"closed","template":"","meta":{"footnotes":""},"class_list":["post-1343","page","type-page","status-publish","has-post-thumbnail","hentry"],"_links":{"self":[{"href":"https:\/\/ficciona.es\/en\/wp-json\/wp\/v2\/pages\/1343","targetHints":{"allow":["GET"]}}],"collection":[{"href":"https:\/\/ficciona.es\/en\/wp-json\/wp\/v2\/pages"}],"about":[{"href":"https:\/\/ficciona.es\/en\/wp-json\/wp\/v2\/types\/page"}],"author":[{"embeddable":true,"href":"https:\/\/ficciona.es\/en\/wp-json\/wp\/v2\/users\/1"}],"replies":[{"embeddable":true,"href":"https:\/\/ficciona.es\/en\/wp-json\/wp\/v2\/comments?post=1343"}],"version-history":[{"count":1,"href":"https:\/\/ficciona.es\/en\/wp-json\/wp\/v2\/pages\/1343\/revisions"}],"predecessor-version":[{"id":1344,"href":"https:\/\/ficciona.es\/en\/wp-json\/wp\/v2\/pages\/1343\/revisions\/1344"}],"wp:featuredmedia":[{"embeddable":true,"href":"https:\/\/ficciona.es\/en\/wp-json\/wp\/v2\/media\/1024"}],"wp:attachment":[{"href":"https:\/\/ficciona.es\/en\/wp-json\/wp\/v2\/media?parent=1343"}],"curies":[{"name":"wp","href":"https:\/\/api.w.org\/{rel}","templated":true}]}}