{"id":1345,"date":"2022-07-19T10:00:23","date_gmt":"2022-07-19T10:00:23","guid":{"rendered":"https:\/\/ficciona.es\/privacy-policy\/"},"modified":"2022-07-19T10:00:23","modified_gmt":"2022-07-19T10:00:23","slug":"privacy-policy","status":"publish","type":"page","link":"https:\/\/ficciona.es\/en\/privacy-policy\/","title":{"rendered":"Privacy Policy"},"content":{"rendered":"\n<p><\/p>\n\n<h1 class=\"wp-block-heading\">Privacy Policy<\/h1>\n\n<div style=\"height:40px\" aria-hidden=\"true\" class=\"wp-block-spacer\"><\/div>\n\n<p>En virtud de la normativa aplicable en materia de Protecci\u00f3n de Datos de Car\u00e1cter personal, FICCIONA con domicilio en Madrid, le informa que, al navegar por esta web, es necesario, al solicitar informaci\u00f3n v\u00eda email, proporcionar determinados Datos de Car\u00e1cter Personal que se tratar\u00e1n de forma automatizada y se incorporar\u00e1n a los correspondientes ficheros automatizados, previamente registrados o dados de alta ante la autoridad competente, de los que FICCIONA es o ser\u00e1 titular y responsable.<\/p>\n\n<p>Los datos de los interesados se recogen con la finalidad de que pueda recibir informaci\u00f3n sobre las actividades, productos, servicios, ofertas o promociones especiales FICCIONA. Los interesados, con pleno conocimiento de la existencia del fichero y de la finalidad de la recogida, consienten el tratamiento de sus datos.<\/p>\n\n<p>El titular de los datos tendr\u00e1, en todo momento, el derecho de acceder a los ficheros automatizados y de ejercitar los derechos de rectificaci\u00f3n, cancelaci\u00f3n y oposici\u00f3n, en los t\u00e9rminos recogidos en la legislaci\u00f3n de protecci\u00f3n de datos y revocando su consentimiento para el tratamiento de datos personales. A tal fin, deber\u00e1 dirigir una carta firmada por el titular de los datos, con indicaci\u00f3n de su domicilio, adjuntando copia de su Documento Nacional de Identidad o Pasaporte, a la Direcci\u00f3n Comercial de FICCIONA, en Madrid.<\/p>\n\n<p>FICCIONA ha adoptado las medidas legalmente exigidas de seguridad en sus instalaciones, sistemas y ficheros. Asimismo, garantiza la confidencialidad de los Datos Personales aunque revelar\u00e1 a las autoridades p\u00fablicas competentes los Datos Personales y cualquier otra informaci\u00f3n que est\u00e9 en su poder o sea accesible a trav\u00e9s de sus sistemas y sea requerida, de conformidad con las disposiciones legales y reglamentarias aplicables.<\/p>\n\n<p>Los usuarios garantizan y responden, en cualquier caso, de la veracidad, exactitud, vigencia y autenticidad de los Datos Personales proporcionados.<\/p>\n","protected":false},"excerpt":{"rendered":"<p>Privacy Policy En virtud de la normativa aplicable en materia de Protecci\u00f3n de Datos de Car\u00e1cter personal, FICCIONA con domicilio en Madrid, le informa que, al<span class=\"excerpt-hellip\"> [\u2026]<\/span><\/p>\n","protected":false},"author":1,"featured_media":0,"parent":0,"menu_order":0,"comment_status":"closed","ping_status":"closed","template":"","meta":{"footnotes":""},"class_list":["post-1345","page","type-page","status-publish","hentry"],"_links":{"self":[{"href":"https:\/\/ficciona.es\/en\/wp-json\/wp\/v2\/pages\/1345","targetHints":{"allow":["GET"]}}],"collection":[{"href":"https:\/\/ficciona.es\/en\/wp-json\/wp\/v2\/pages"}],"about":[{"href":"https:\/\/ficciona.es\/en\/wp-json\/wp\/v2\/types\/page"}],"author":[{"embeddable":true,"href":"https:\/\/ficciona.es\/en\/wp-json\/wp\/v2\/users\/1"}],"replies":[{"embeddable":true,"href":"https:\/\/ficciona.es\/en\/wp-json\/wp\/v2\/comments?post=1345"}],"version-history":[{"count":1,"href":"https:\/\/ficciona.es\/en\/wp-json\/wp\/v2\/pages\/1345\/revisions"}],"predecessor-version":[{"id":1346,"href":"https:\/\/ficciona.es\/en\/wp-json\/wp\/v2\/pages\/1345\/revisions\/1346"}],"wp:attachment":[{"href":"https:\/\/ficciona.es\/en\/wp-json\/wp\/v2\/media?parent=1345"}],"curies":[{"name":"wp","href":"https:\/\/api.w.org\/{rel}","templated":true}]}}