{"id":1352,"date":"2022-07-19T10:09:08","date_gmt":"2022-07-19T10:09:08","guid":{"rendered":"https:\/\/ficciona.es\/think-tank\/"},"modified":"2022-07-19T10:09:08","modified_gmt":"2022-07-19T10:09:08","slug":"think-tank","status":"publish","type":"page","link":"https:\/\/ficciona.es\/en\/think-tank\/","title":{"rendered":"Think Tank"},"content":{"rendered":"\n<div style=\"height:50px\" aria-hidden=\"true\" class=\"wp-block-spacer\"><\/div>\n\n<figure class=\"wp-block-image size-large\"><img loading=\"lazy\" decoding=\"async\" width=\"241\" height=\"31\" src=\"https:\/\/ficciona.es\/wp-content\/uploads\/\/2021\/12\/thinktank.svg\" alt=\"\" class=\"wp-image-235\"\/><\/figure>\n<div style=\"height:36px\" aria-hidden=\"true\" class=\"wp-block-spacer\"><\/div>\n\n<h3 class=\"wp-block-heading\"><strong>Residencias virtuales y presenciales de duraci\u00f3n espec\u00edfica que funcionan como incubadoras de proyectos. <\/strong><\/h3>\n\n<div style=\"height:36px\" aria-hidden=\"true\" class=\"wp-block-spacer\"><\/div>\n\n<h4 class=\"wp-block-heading\">Escr\u00edbenos si quieres saber m\u00e1s. <\/h4>\n\n<div style=\"height:21px\" aria-hidden=\"true\" class=\"wp-block-spacer\"><\/div>\n\n<div class=\"wp-block-contact-form-7-contact-form-selector\"><div role=\"form\" class=\"wpcf7\" id=\"wpcf7-f90-o1\" lang=\"es-ES\" dir=\"ltr\">\n<div class=\"screen-reader-response\"><p role=\"status\" aria-live=\"polite\" aria-atomic=\"true\"><\/p> <ul><\/ul><\/div>\n<form action=\"\/en\/wp-json\/wp\/v2\/pages\/1352#wpcf7-f90-o1\" method=\"post\" class=\"wpcf7-form init\" novalidate=\"novalidate\" data-status=\"init\">\n<div style=\"display: none;\">\n<input type=\"hidden\" name=\"_wpcf7\" value=\"90\" \/>\n<input type=\"hidden\" name=\"_wpcf7_version\" value=\"5.5.2\" \/>\n<input type=\"hidden\" name=\"_wpcf7_locale\" value=\"es_ES\" \/>\n<input type=\"hidden\" name=\"_wpcf7_unit_tag\" value=\"wpcf7-f90-o1\" \/>\n<input type=\"hidden\" name=\"_wpcf7_container_post\" value=\"0\" \/>\n<input type=\"hidden\" name=\"_wpcf7_posted_data_hash\" value=\"\" \/>\n<\/div>\n<div class=\"column one-second\"><span class=\"wpcf7-form-control-wrap Nombre\"><input type=\"text\" name=\"Nombre\" value=\"\" size=\"40\" class=\"wpcf7-form-control wpcf7-text wpcf7-validates-as-required\" aria-required=\"true\" aria-invalid=\"false\" placeholder=\"Nombre\" \/><\/span> <\/div>\n<div class=\"column one-second\"><span class=\"wpcf7-form-control-wrap Email\"><input type=\"email\" name=\"Email\" value=\"\" size=\"40\" class=\"wpcf7-form-control wpcf7-text wpcf7-email wpcf7-validates-as-required wpcf7-validates-as-email\" aria-required=\"true\" aria-invalid=\"false\" placeholder=\"Email\" \/><\/span> <\/div>\n<div class=\"column one\"><span class=\"wpcf7-form-control-wrap Asunto\"><input type=\"text\" name=\"Asunto\" value=\"\" size=\"40\" class=\"wpcf7-form-control wpcf7-text wpcf7-validates-as-required\" aria-required=\"true\" aria-invalid=\"false\" placeholder=\"Asunto\" \/><\/span> <\/div>\n<div class=\"column one\"><span class=\"wpcf7-form-control-wrap Mensaje\"><textarea name=\"Mensaje\" cols=\"40\" rows=\"8\" class=\"wpcf7-form-control wpcf7-textarea wpcf7-validates-as-required\" aria-required=\"true\" aria-invalid=\"false\" placeholder=\"Mensaje\"><\/textarea><\/span><\/div>\n<div class=\"column one\"><input type=\"submit\" value=\"Enviar\" class=\"wpcf7-form-control has-spinner wpcf7-submit\" \/><\/div>\n<div class=\"wpcf7-response-output\" aria-hidden=\"true\"><\/div><\/form><\/div><\/div>\n\n<div style=\"height:36px\" aria-hidden=\"true\" class=\"wp-block-spacer\"><\/div>\n\n<h2 class=\"wp-block-heading\">\u00a1Gracias!<\/h2>\n\n<h4 class=\"wp-block-heading\">Laila y Nadia<\/h4>\n\n<p><\/p>\n","protected":false},"excerpt":{"rendered":"<p>Residencias virtuales y presenciales de duraci\u00f3n espec\u00edfica que funcionan como incubadoras de proyectos. Escr\u00edbenos si quieres saber m\u00e1s. \u00a1Gracias! Laila y Nadia<\/p>\n","protected":false},"author":1,"featured_media":939,"parent":0,"menu_order":0,"comment_status":"closed","ping_status":"closed","template":"","meta":{"footnotes":""},"class_list":["post-1352","page","type-page","status-publish","has-post-thumbnail","hentry"],"_links":{"self":[{"href":"https:\/\/ficciona.es\/en\/wp-json\/wp\/v2\/pages\/1352","targetHints":{"allow":["GET"]}}],"collection":[{"href":"https:\/\/ficciona.es\/en\/wp-json\/wp\/v2\/pages"}],"about":[{"href":"https:\/\/ficciona.es\/en\/wp-json\/wp\/v2\/types\/page"}],"author":[{"embeddable":true,"href":"https:\/\/ficciona.es\/en\/wp-json\/wp\/v2\/users\/1"}],"replies":[{"embeddable":true,"href":"https:\/\/ficciona.es\/en\/wp-json\/wp\/v2\/comments?post=1352"}],"version-history":[{"count":1,"href":"https:\/\/ficciona.es\/en\/wp-json\/wp\/v2\/pages\/1352\/revisions"}],"predecessor-version":[{"id":1353,"href":"https:\/\/ficciona.es\/en\/wp-json\/wp\/v2\/pages\/1352\/revisions\/1353"}],"wp:featuredmedia":[{"embeddable":true,"href":"https:\/\/ficciona.es\/en\/wp-json\/wp\/v2\/media\/939"}],"wp:attachment":[{"href":"https:\/\/ficciona.es\/en\/wp-json\/wp\/v2\/media?parent=1352"}],"curies":[{"name":"wp","href":"https:\/\/api.w.org\/{rel}","templated":true}]}}